{"id":1267,"date":"2020-04-05T11:31:45","date_gmt":"2020-04-05T11:31:45","guid":{"rendered":"https:\/\/www.knu.is\/en\/?page_id=1267"},"modified":"2020-08-15T14:30:55","modified_gmt":"2020-08-15T14:30:55","slug":"annual-report","status":"publish","type":"page","link":"https:\/\/www.knu.is\/en\/annual-report\/","title":{"rendered":"Annual Report"},"content":{"rendered":"\t<section class=\"section\" id=\"section_177839509\">\n\t\t<div class=\"bg section-bg fill bg-fill  bg-loaded\" >\n\n\t\t\t\n\t\t\t\n\t\t\t\n\n\t\t<\/div>\n\n\t\t<div class=\"section-content relative\">\n\t\t\t\n<div class=\"row\"  id=\"row-1985102629\">\n\n\t<div id=\"col-960562490\" class=\"col medium-4 small-12 large-4\"  >\n\t\t<div class=\"col-inner\"  >\n\t\t\t\n\t\t\t\n\t<div class=\"img has-hover x md-x lg-x y md-y lg-y\" id=\"image_97361053\">\n\t\t\t\t\t\t\t\t<div class=\"img-inner image-cover dark\" style=\"padding-top:120%;\">\n\t\t\t<img width=\"330\" height=\"420\" src=\"https:\/\/www.knu.is\/en\/wp-content\/uploads\/2020\/04\/Contact.jpg\" class=\"attachment-large size-large\" alt=\"\" loading=\"lazy\" srcset=\"https:\/\/www.knu.is\/en\/wp-content\/uploads\/2020\/04\/Contact.jpg 330w, https:\/\/www.knu.is\/en\/wp-content\/uploads\/2020\/04\/Contact-314x400.jpg 314w\" sizes=\"(max-width: 330px) 100vw, 330px\" \/>\t\t\t\t\t\t\n\t\t\t\t\t<\/div>\n\t\t\t\t\t\t\t\t\n<style>\n#image_97361053 {\n  width: 100%;\n}\n<\/style>\n\t<\/div>\n\t\n\t\t<\/div>\n\t\t\t<\/div>\n\n\t\n\n\t<div id=\"col-739082760\" class=\"col medium-8 small-12 large-7\"  >\n\t\t<div class=\"col-inner\"  >\n\t\t\t\n\t\t\t\n\t<div id=\"gap-161278197\" class=\"gap-element clearfix\" style=\"display:block; height:auto;\">\n\t\t\n<style>\n#gap-161278197 {\n  padding-top: 18px;\n}\n<\/style>\n\t<\/div>\n\t\n<h2><strong>Annual report<\/strong><\/h2>\n<p>Immigration appeal board publishes annual reports about its operation according to Art 6(7) of the Act on Foreigners. The annual reports holds, beside information about the boards operations, statistics and key figures and compilations of the annual development in the boards matters.<\/p>\n<p>Here are the boards annual reports.<\/p>\n<div class=\"row row-collapse\"  id=\"row-799195887\">\n\n\t<div id=\"col-156722282\" class=\"col medium-1 small-2 large-1\"  >\n\t\t<div class=\"col-inner\"  >\n\t\t\t\n\t\t\t\n<p><img loading=\"lazy\" class=\"alignnone wp-image-1271\" src=\"https:\/\/www.knu.is\/en\/wp-content\/uploads\/2020\/04\/PDFicon_.png\" alt=\"\" width=\"26\" height=\"26\" \/><\/p>\n\t\t<\/div>\n\t\t\t<\/div>\n\n\t\n\n\t<div id=\"col-1819215662\" class=\"col medium-11 small-10 large-11\"  >\n\t\t<div class=\"col-inner\"  >\n\t\t\t\n\t\t\t\n<p><a href=\"https:\/\/www.knu.is\/en\/wp-content\/uploads\/2019\/08\/Arsskyrsla2018PDF.pdf\" target=\"_blank\" rel=\"noopener noreferrer\">\u00c1rssk\u00fdrsla 2018<\/a><\/p>\n\t\t<\/div>\n\t\t\t<\/div>\n\n\t\n<\/div>\n<div class=\"row row-collapse\"  id=\"row-130130639\">\n\n\t<div id=\"col-1702533410\" class=\"col medium-1 small-2 large-1\"  >\n\t\t<div class=\"col-inner\"  >\n\t\t\t\n\t\t\t\n<p><img loading=\"lazy\" class=\"alignnone wp-image-1271\" src=\"https:\/\/www.knu.is\/en\/wp-content\/uploads\/2020\/04\/PDFicon_.png\" alt=\"\" width=\"26\" height=\"26\" \/><\/p>\n\t\t<\/div>\n\t\t\t<\/div>\n\n\t\n\n\t<div id=\"col-1834819737\" class=\"col medium-11 small-10 large-11\"  >\n\t\t<div class=\"col-inner\"  >\n\t\t\t\n\t\t\t\n<p><a href=\"https:\/\/www.knu.is\/en\/wp-content\/uploads\/2020\/03\/Arsskyrsla2017PDF.pdf\" target=\"_blank\" rel=\"noopener noreferrer\">\u00c1rssk\u00fdrsla 2017<\/a><\/p>\n\t\t<\/div>\n\t\t\t<\/div>\n\n\t\n<\/div>\n<div class=\"row row-collapse\"  id=\"row-1220526461\">\n\n\t<div id=\"col-358749438\" class=\"col medium-1 small-2 large-1\"  >\n\t\t<div class=\"col-inner\"  >\n\t\t\t\n\t\t\t\n<p><img loading=\"lazy\" class=\"alignnone wp-image-1271\" src=\"https:\/\/www.knu.is\/en\/wp-content\/uploads\/2020\/04\/PDFicon_.png\" alt=\"\" width=\"26\" height=\"26\" \/><\/p>\n\t\t<\/div>\n\t\t\t<\/div>\n\n\t\n\n\t<div id=\"col-1389897478\" class=\"col medium-11 small-10 large-11\"  >\n\t\t<div class=\"col-inner\"  >\n\t\t\t\n\t\t\t\n<p><a href=\"https:\/\/www.knu.is\/en\/wp-content\/uploads\/2020\/03\/Arsskyrsla2016PDF.pdf\" target=\"_blank\" rel=\"noopener noreferrer\">\u00c1rssk\u00fdrsla 2016<\/a><\/p>\n\t\t<\/div>\n\t\t\t<\/div>\n\n\t\n<\/div>\n<div class=\"row row-collapse\"  id=\"row-423280144\">\n\n\t<div id=\"col-1908094356\" class=\"col medium-1 small-2 large-1\"  >\n\t\t<div class=\"col-inner\"  >\n\t\t\t\n\t\t\t\n<p><img loading=\"lazy\" class=\"alignnone wp-image-1271\" src=\"https:\/\/www.knu.is\/en\/wp-content\/uploads\/2020\/04\/PDFicon_.png\" alt=\"\" width=\"26\" height=\"26\" \/><\/p>\n\t\t<\/div>\n\t\t\t<\/div>\n\n\t\n\n\t<div id=\"col-2025827273\" class=\"col medium-11 small-10 large-11\"  >\n\t\t<div class=\"col-inner\"  >\n\t\t\t\n\t\t\t\n<p><a href=\"https:\/\/www.knu.is\/en\/wp-content\/uploads\/2020\/03\/ArsskyrslaKNU2015.pdf\" target=\"_blank\" rel=\"noopener noreferrer\">\u00c1rssk\u00fdrsla 2015<\/a><\/p>\n\t\t<\/div>\n\t\t\t<\/div>\n\n\t\n<\/div>\n\t\t<\/div>\n\t\t\n<style>\n#col-739082760 > .col-inner {\n  padding: 0px 0px 0px 0px;\n  margin: 0px 0px 0px 0px;\n}\n<\/style>\n\t<\/div>\n\n\t\n<\/div>\n\t\t<\/div>\n\n\t\t\n<style>\n#section_177839509 {\n  padding-top: 30px;\n  padding-bottom: 30px;\n}\n<\/style>\n\t<\/section>\n\t\n","protected":false},"excerpt":{"rendered":"","protected":false},"author":1,"featured_media":0,"parent":0,"menu_order":0,"comment_status":"closed","ping_status":"closed","template":"page-blank.php","meta":[],"yoast_head":"<!-- This site is optimized with the Yoast SEO plugin v14.7 - https:\/\/yoast.com\/wordpress\/plugins\/seo\/ -->\n<title>Annual report | Immigration Appeals Board | knu.is<\/title>\n<meta name=\"description\" content=\"Immigration Appeals Board | Sk\u00falag\u00f6tu 17 | 101 Reykjav\u00edk | Tel: +354 510 0510 | postur@knu.is | Monday - Friday: 09.00-12.00 &amp; 13.00-16.00\" \/>\n<meta name=\"robots\" content=\"index, follow\" \/>\n<meta name=\"googlebot\" content=\"index, follow, max-snippet:-1, max-image-preview:large, max-video-preview:-1\" \/>\n<meta name=\"bingbot\" content=\"index, follow, max-snippet:-1, max-image-preview:large, max-video-preview:-1\" \/>\n<link rel=\"canonical\" href=\"https:\/\/www.knu.is\/en\/annual-report\/\" \/>\n<meta property=\"og:locale\" content=\"is_IS\" \/>\n<meta property=\"og:type\" content=\"article\" \/>\n<meta property=\"og:title\" content=\"Annual report | Immigration Appeals Board | knu.is\" \/>\n<meta property=\"og:description\" content=\"Immigration Appeals Board | Sk\u00falag\u00f6tu 17 | 101 Reykjav\u00edk | Tel: +354 510 0510 | postur@knu.is | Monday - Friday: 09.00-12.00 &amp; 13.00-16.00\" \/>\n<meta property=\"og:url\" content=\"https:\/\/www.knu.is\/en\/annual-report\/\" \/>\n<meta property=\"og:site_name\" content=\"Immigration Appeals Board\" \/>\n<meta property=\"article:modified_time\" content=\"2020-08-15T14:30:55+00:00\" \/>\n<meta property=\"og:image\" content=\"https:\/\/www.knu.is\/en\/wp-content\/uploads\/2020\/04\/PDFicon_.png\" \/>\n<meta name=\"twitter:card\" content=\"summary_large_image\" \/>\n<script type=\"application\/ld+json\" class=\"yoast-schema-graph\">{\"@context\":\"https:\/\/schema.org\",\"@graph\":[{\"@type\":\"Organization\",\"@id\":\"https:\/\/www.knu.is\/en\/#organization\",\"name\":\"Immigration Appeals Board\",\"url\":\"https:\/\/www.knu.is\/en\/\",\"sameAs\":[],\"logo\":{\"@type\":\"ImageObject\",\"@id\":\"https:\/\/www.knu.is\/en\/#logo\",\"inLanguage\":\"is\",\"url\":\"https:\/\/www.knu.is\/en\/wp-content\/uploads\/2020\/05\/KNU_Logo_310x90.png\",\"width\":310,\"height\":90,\"caption\":\"Immigration Appeals Board\"},\"image\":{\"@id\":\"https:\/\/www.knu.is\/en\/#logo\"}},{\"@type\":\"WebSite\",\"@id\":\"https:\/\/www.knu.is\/en\/#website\",\"url\":\"https:\/\/www.knu.is\/en\/\",\"name\":\"Immigration Appeals Board\",\"description\":\"K&aelig;runefnd &uacute;tlendingam&aacute;la\",\"publisher\":{\"@id\":\"https:\/\/www.knu.is\/en\/#organization\"},\"potentialAction\":[{\"@type\":\"SearchAction\",\"target\":\"https:\/\/www.knu.is\/en\/?s={search_term_string}\",\"query-input\":\"required name=search_term_string\"}],\"inLanguage\":\"is\"},{\"@type\":\"ImageObject\",\"@id\":\"https:\/\/www.knu.is\/en\/annual-report\/#primaryimage\",\"inLanguage\":\"is\",\"url\":\"https:\/\/www.knu.is\/en\/wp-content\/uploads\/2020\/04\/PDFicon_.png\",\"width\":60,\"height\":60},{\"@type\":\"WebPage\",\"@id\":\"https:\/\/www.knu.is\/en\/annual-report\/#webpage\",\"url\":\"https:\/\/www.knu.is\/en\/annual-report\/\",\"name\":\"Annual report | Immigration Appeals Board | knu.is\",\"isPartOf\":{\"@id\":\"https:\/\/www.knu.is\/en\/#website\"},\"primaryImageOfPage\":{\"@id\":\"https:\/\/www.knu.is\/en\/annual-report\/#primaryimage\"},\"datePublished\":\"2020-04-05T11:31:45+00:00\",\"dateModified\":\"2020-08-15T14:30:55+00:00\",\"description\":\"Immigration Appeals Board | Sk\\u00falag\\u00f6tu 17 | 101 Reykjav\\u00edk | Tel: +354 510 0510 | postur@knu.is | Monday - Friday: 09.00-12.00 & 13.00-16.00\",\"inLanguage\":\"is\",\"potentialAction\":[{\"@type\":\"ReadAction\",\"target\":[\"https:\/\/www.knu.is\/en\/annual-report\/\"]}]}]}<\/script>\n<!-- \/ Yoast SEO plugin. -->","_links":{"self":[{"href":"https:\/\/www.knu.is\/en\/wp-json\/wp\/v2\/pages\/1267"}],"collection":[{"href":"https:\/\/www.knu.is\/en\/wp-json\/wp\/v2\/pages"}],"about":[{"href":"https:\/\/www.knu.is\/en\/wp-json\/wp\/v2\/types\/page"}],"author":[{"embeddable":true,"href":"https:\/\/www.knu.is\/en\/wp-json\/wp\/v2\/users\/1"}],"replies":[{"embeddable":true,"href":"https:\/\/www.knu.is\/en\/wp-json\/wp\/v2\/comments?post=1267"}],"version-history":[{"count":15,"href":"https:\/\/www.knu.is\/en\/wp-json\/wp\/v2\/pages\/1267\/revisions"}],"predecessor-version":[{"id":1420,"href":"https:\/\/www.knu.is\/en\/wp-json\/wp\/v2\/pages\/1267\/revisions\/1420"}],"wp:attachment":[{"href":"https:\/\/www.knu.is\/en\/wp-json\/wp\/v2\/media?parent=1267"}],"curies":[{"name":"wp","href":"https:\/\/api.w.org\/{rel}","templated":true}]}}