{"id":1345,"date":"2020-04-26T16:54:44","date_gmt":"2020-04-26T16:54:44","guid":{"rendered":"https:\/\/www.knu.is\/en\/?page_id=1345"},"modified":"2025-01-06T10:42:25","modified_gmt":"2025-01-06T10:42:25","slug":"code-of-practice","status":"publish","type":"page","link":"https:\/\/www.knu.is\/en\/code-of-practice\/","title":{"rendered":"Code of practice"},"content":{"rendered":"\t<section class=\"section\" id=\"section_12820331\">\n\t\t<div class=\"bg section-bg fill bg-fill  bg-loaded\" >\n\n\t\t\t\n\t\t\t\n\t\t\t\n\n\t\t<\/div>\n\n\t\t<div class=\"section-content relative\">\n\t\t\t\n<div class=\"row\"  id=\"row-1275506048\">\n\n\t<div id=\"col-618839343\" class=\"col medium-4 small-12 large-4\"  >\n\t\t<div class=\"col-inner\"  >\n\t\t\t\n\t\t\t\n\t<div class=\"img has-hover x md-x lg-x y md-y lg-y\" id=\"image_1709832600\">\n\t\t\t\t\t\t\t\t<div class=\"img-inner image-cover dark\" style=\"padding-top:120%;\">\n\t\t\t<img width=\"330\" height=\"420\" src=\"https:\/\/www.knu.is\/en\/wp-content\/uploads\/2020\/04\/Contact.jpg\" class=\"attachment-large size-large\" alt=\"\" loading=\"lazy\" srcset=\"https:\/\/www.knu.is\/en\/wp-content\/uploads\/2020\/04\/Contact.jpg 330w, https:\/\/www.knu.is\/en\/wp-content\/uploads\/2020\/04\/Contact-314x400.jpg 314w\" sizes=\"(max-width: 330px) 100vw, 330px\" \/>\t\t\t\t\t\t\n\t\t\t\t\t<\/div>\n\t\t\t\t\t\t\t\t\n<style>\n#image_1709832600 {\n  width: 100%;\n}\n<\/style>\n\t<\/div>\n\t\n\t\t<\/div>\n\t\t\t<\/div>\n\n\t\n\n\t<div id=\"col-2019345796\" class=\"col medium-8 small-12 large-7\"  >\n\t\t<div class=\"col-inner\"  >\n\t\t\t\n\t\t\t\n\t<div id=\"gap-1832011298\" class=\"gap-element clearfix\" style=\"display:block; height:auto;\">\n\t\t\n<style>\n#gap-1832011298 {\n  padding-top: 18px;\n}\n<\/style>\n\t<\/div>\n\t\n<h2><strong>Code of practice<\/strong><\/h2>\n<p>Immigration appeals board codes of practice are to insure follow up on laws and regulation that the board operates by. The codes are also to insure professional proceeding in cases and coherent approach by the board\u00b4s staff.<\/p>\n<p>Here are the boards codes of practice.<\/p>\n<div class=\"row row-collapse\"  id=\"row-1926936671\">\n\n\t<div id=\"col-780069055\" class=\"col medium-1 small-2 large-1\"  >\n\t\t<div class=\"col-inner\"  >\n\t\t\t\n\t\t\t\n\t\t<\/div>\n\t\t\t<\/div>\n\n\t\n\n\t<div id=\"col-2133662801\" class=\"col medium-11 small-10 large-11\"  >\n\t\t<div class=\"col-inner\"  >\n\t\t\t\n\t\t\t\n\t\t<\/div>\n\t\t\t<\/div>\n\n\t\n<\/div>\n<p><a href=\"https:\/\/www.knu.is\/en\/wp-content\/uploads\/2020\/10\/Kaerunefnd-vidmid-vegna-frestunar-rettarakvaeda-enska-HBS.pdf\">Criteria regarding suspension of the legal effects of the decisions by the Immigration Appeals Board in cases of international protection<\/a><\/p>\n<p><a href=\"https:\/\/www.knu.is\/en\/wp-content\/uploads\/2024\/12\/Rules-of-procedure-regarding-deadlines-for-submission-of-reports.pdf\">Rules of procedure regarding deadlines for submission of reports<\/a><\/p>\n<p><a href=\"https:\/\/www.knu.is\/en\/wp-content\/uploads\/2024\/12\/Rules-of-procedure-regarding-interviews.pdf\">Rules of procedure regarding interviews<\/a><\/p>\n<p><a href=\"https:\/\/www.knu.is\/en\/wp-content\/uploads\/2025\/01\/Rules-of-procedure-regarding-assessment-of-the-interests-of-a-child-who-applies-for-international-protection-lagad.pdf\">Rules of procedure regarding assessment of the interests of a child who applies for international protection<\/a><\/p>\n<p>\u00a0<\/p>\n\t\t<\/div>\n\t\t\n<style>\n#col-2019345796 > .col-inner {\n  padding: 0px 0px 0px 0px;\n  margin: 0px 0px 0px 0px;\n}\n<\/style>\n\t<\/div>\n\n\t\n<\/div>\n\t\t<\/div>\n\n\t\t\n<style>\n#section_12820331 {\n  padding-top: 30px;\n  padding-bottom: 30px;\n}\n<\/style>\n\t<\/section>\n\t\n","protected":false},"excerpt":{"rendered":"","protected":false},"author":1,"featured_media":0,"parent":0,"menu_order":0,"comment_status":"closed","ping_status":"closed","template":"page-blank.php","meta":[],"yoast_head":"<!-- This site is optimized with the Yoast SEO plugin v14.7 - https:\/\/yoast.com\/wordpress\/plugins\/seo\/ -->\n<title>Code of practice | Immigration Appeals Board<\/title>\n<meta name=\"description\" content=\"Immigration Appeals Board | Sk\u00falag\u00f6tu 17 | 101 Reykjav\u00edk | Tel: +354 510 0510 | postur@knu.is | Monday - Friday: 09.00-12.00 &amp; 13.00-16.00\" \/>\n<meta name=\"robots\" content=\"index, follow\" \/>\n<meta name=\"googlebot\" content=\"index, follow, max-snippet:-1, max-image-preview:large, max-video-preview:-1\" \/>\n<meta name=\"bingbot\" content=\"index, follow, max-snippet:-1, max-image-preview:large, max-video-preview:-1\" \/>\n<link rel=\"canonical\" href=\"https:\/\/www.knu.is\/en\/code-of-practice\/\" \/>\n<meta property=\"og:locale\" content=\"is_IS\" \/>\n<meta property=\"og:type\" content=\"article\" \/>\n<meta property=\"og:title\" content=\"Code of practice | Immigration Appeals Board\" \/>\n<meta property=\"og:description\" content=\"Immigration Appeals Board | Sk\u00falag\u00f6tu 17 | 101 Reykjav\u00edk | Tel: +354 510 0510 | postur@knu.is | Monday - Friday: 09.00-12.00 &amp; 13.00-16.00\" \/>\n<meta property=\"og:url\" content=\"https:\/\/www.knu.is\/en\/code-of-practice\/\" \/>\n<meta property=\"og:site_name\" content=\"Immigration Appeals Board\" \/>\n<meta property=\"article:modified_time\" content=\"2025-01-06T10:42:25+00:00\" \/>\n<meta name=\"twitter:card\" content=\"summary_large_image\" \/>\n<script type=\"application\/ld+json\" class=\"yoast-schema-graph\">{\"@context\":\"https:\/\/schema.org\",\"@graph\":[{\"@type\":\"Organization\",\"@id\":\"https:\/\/www.knu.is\/en\/#organization\",\"name\":\"Immigration Appeals Board\",\"url\":\"https:\/\/www.knu.is\/en\/\",\"sameAs\":[],\"logo\":{\"@type\":\"ImageObject\",\"@id\":\"https:\/\/www.knu.is\/en\/#logo\",\"inLanguage\":\"is\",\"url\":\"https:\/\/www.knu.is\/en\/wp-content\/uploads\/2020\/05\/KNU_Logo_310x90.png\",\"width\":310,\"height\":90,\"caption\":\"Immigration Appeals Board\"},\"image\":{\"@id\":\"https:\/\/www.knu.is\/en\/#logo\"}},{\"@type\":\"WebSite\",\"@id\":\"https:\/\/www.knu.is\/en\/#website\",\"url\":\"https:\/\/www.knu.is\/en\/\",\"name\":\"Immigration Appeals Board\",\"description\":\"K&aelig;runefnd &uacute;tlendingam&aacute;la\",\"publisher\":{\"@id\":\"https:\/\/www.knu.is\/en\/#organization\"},\"potentialAction\":[{\"@type\":\"SearchAction\",\"target\":\"https:\/\/www.knu.is\/en\/?s={search_term_string}\",\"query-input\":\"required name=search_term_string\"}],\"inLanguage\":\"is\"},{\"@type\":\"WebPage\",\"@id\":\"https:\/\/www.knu.is\/en\/code-of-practice\/#webpage\",\"url\":\"https:\/\/www.knu.is\/en\/code-of-practice\/\",\"name\":\"Code of practice | Immigration Appeals Board\",\"isPartOf\":{\"@id\":\"https:\/\/www.knu.is\/en\/#website\"},\"datePublished\":\"2020-04-26T16:54:44+00:00\",\"dateModified\":\"2025-01-06T10:42:25+00:00\",\"description\":\"Immigration Appeals Board | Sk\\u00falag\\u00f6tu 17 | 101 Reykjav\\u00edk | Tel: +354 510 0510 | postur@knu.is | Monday - Friday: 09.00-12.00 & 13.00-16.00\",\"inLanguage\":\"is\",\"potentialAction\":[{\"@type\":\"ReadAction\",\"target\":[\"https:\/\/www.knu.is\/en\/code-of-practice\/\"]}]}]}<\/script>\n<!-- \/ Yoast SEO plugin. -->","_links":{"self":[{"href":"https:\/\/www.knu.is\/en\/wp-json\/wp\/v2\/pages\/1345"}],"collection":[{"href":"https:\/\/www.knu.is\/en\/wp-json\/wp\/v2\/pages"}],"about":[{"href":"https:\/\/www.knu.is\/en\/wp-json\/wp\/v2\/types\/page"}],"author":[{"embeddable":true,"href":"https:\/\/www.knu.is\/en\/wp-json\/wp\/v2\/users\/1"}],"replies":[{"embeddable":true,"href":"https:\/\/www.knu.is\/en\/wp-json\/wp\/v2\/comments?post=1345"}],"version-history":[{"count":22,"href":"https:\/\/www.knu.is\/en\/wp-json\/wp\/v2\/pages\/1345\/revisions"}],"predecessor-version":[{"id":1760,"href":"https:\/\/www.knu.is\/en\/wp-json\/wp\/v2\/pages\/1345\/revisions\/1760"}],"wp:attachment":[{"href":"https:\/\/www.knu.is\/en\/wp-json\/wp\/v2\/media?parent=1345"}],"curies":[{"name":"wp","href":"https:\/\/api.w.org\/{rel}","templated":true}]}}