{"id":889,"date":"2020-03-27T06:57:27","date_gmt":"2020-03-27T06:57:27","guid":{"rendered":"https:\/\/www.knu.is\/en\/?page_id=889"},"modified":"2020-08-15T14:40:10","modified_gmt":"2020-08-15T14:40:10","slug":"news","status":"publish","type":"page","link":"https:\/\/www.knu.is\/en\/news\/","title":{"rendered":"NEWS"},"content":{"rendered":"<div class=\"row\"  id=\"row-234948010\">\n\n\t<div id=\"col-348490230\" class=\"col small-12 large-12\"  >\n\t\t<div class=\"col-inner\"  >\n\t\t\t\n\t\t\t\n\t<div id=\"gap-207043380\" class=\"gap-element clearfix\" style=\"display:block; height:auto;\">\n\t\t\n<style>\n#gap-207043380 {\n  padding-top: 32px;\n}\n<\/style>\n\t<\/div>\n\t\n<div id=\"bdpp-post-gridbox-1\" class=\"bdpp-post-grid-box-wrap bdpp-post-data-wrap bdpp-design-4  bdpp-clearfix\">\r\n\t<div class=\"bdpp-post-grid-box-inr-wrap bdpp-post-data-inr-wrap bdpp-clearfix\"><div class=\"bdpp-post-gridbox bdpp-post-gridbox-left bdpp-col-2 bdpp-columns bdpp-post-1769 bdpp-post-standard  bdpp-no-thumb bdpp-first\">\r\n\t<div class=\"bdpp-post-grid-content\">\r\n\t\t<a class=\"bdpp-post-linkoverlay\" href=\"https:\/\/www.knu.is\/en\/reception-closed-on-3-october-2025\/\" target=\"_self\"><\/a>\r\n\t\t<div class=\"bdpp-post-img-bg\" style=\"height:420px; background-image:url();\">\r\n\t\t\t\t\t\t\t<div class=\"bdpp-post-cats\"><a class=\"bdpp-post-cat-link bdpp-post-cat-81 bdpp-post-cat-frettir\" href=\"https:\/\/www.knu.is\/en\/frettir\/\">Fr\u00e9ttir<\/a><\/div>\r\n\t\t\t\r\n\t\t\t<div class=\"bdpp-post-content-overlay\">\r\n\t\t\t\t\r\n\t\t\t\t<h2 class=\"bdpp-post-title\">\r\n\t\t\t\t\t<a href=\"https:\/\/www.knu.is\/en\/reception-closed-on-3-october-2025\/\" target=\"_self\">Reception closed on 3 October 2025<\/a>\r\n\t\t\t\t<\/h2>\r\n\r\n\t\t\t\t\t\t\t\t<div class=\"bdpp-post-content\">\r\n\t\t\t\t\t<div class=\"bdpp-post-desc\">The reception of the Immigration Appeals Board will be\u00a0closed on Friday, 3 October 2025.It will reopen on Monday,\u00a06 October 2025,...<\/div>\r\n\t\t\t\t\t\t\t\t\t<\/div>\r\n\t\t\t\t\t\t\t<\/div>\r\n\t\t<\/div>\r\n\t<\/div>\r\n<\/div>\r\n<div class=\"bdpp-post-gridbox bdpp-post-gridbox-left bdpp-col-2 bdpp-columns bdpp-post-1765 bdpp-post-standard  bdpp-no-thumb\">\r\n\t<div class=\"bdpp-post-grid-content\">\r\n\t\t<a class=\"bdpp-post-linkoverlay\" href=\"https:\/\/www.knu.is\/en\/easter-holiday-closure-notice\/\" target=\"_self\"><\/a>\r\n\t\t<div class=\"bdpp-post-img-bg\" style=\"height:420px; background-image:url();\">\r\n\t\t\t\t\t\t\t<div class=\"bdpp-post-cats\"><a class=\"bdpp-post-cat-link bdpp-post-cat-81 bdpp-post-cat-frettir\" href=\"https:\/\/www.knu.is\/en\/frettir\/\">Fr\u00e9ttir<\/a><\/div>\r\n\t\t\t\r\n\t\t\t<div class=\"bdpp-post-content-overlay\">\r\n\t\t\t\t\r\n\t\t\t\t<h2 class=\"bdpp-post-title\">\r\n\t\t\t\t\t<a href=\"https:\/\/www.knu.is\/en\/easter-holiday-closure-notice\/\" target=\"_self\">Easter Holiday Closure Notice<\/a>\r\n\t\t\t\t<\/h2>\r\n\r\n\t\t\t\t\t\t\t\t<div class=\"bdpp-post-content\">\r\n\t\t\t\t\t<div class=\"bdpp-post-desc\">Easter Holiday Closure Notice Please be informed that the Immigration Appeals Board will be closed on the following days due...<\/div>\r\n\t\t\t\t\t\t\t\t\t<\/div>\r\n\t\t\t\t\t\t\t<\/div>\r\n\t\t<\/div>\r\n\t<\/div>\r\n<\/div>\r\n\r\n<div class=\"bdpp-post-gridbox bdpp-post-gridbox-right bdpp-col-2 bdpp-columns bdpp-post-1726 bdpp-post-standard  bdpp-no-thumb bdpp-first\">\r\n\t<div class=\"bdpp-post-grid-content bdpp-clearfix\">\r\n\t\t\r\n\t\t<div class=\"bdpp-col-s-12 bdpp-columns\">\r\n\t\t\t\t\t\t<div class=\"bdpp-post-cats\"><a class=\"bdpp-post-cat-link bdpp-post-cat-81 bdpp-post-cat-frettir\" href=\"https:\/\/www.knu.is\/en\/frettir\/\">Fr\u00e9ttir<\/a> <a class=\"bdpp-post-cat-link bdpp-post-cat-68 bdpp-post-cat-uncategorized-is\" href=\"https:\/\/www.knu.is\/en\/uncategorized-is\/\">Uncategorized @is<\/a><\/div>\r\n\t\t\t\r\n\t\t\t<div class=\"bdpp-post-content-overlay\">\r\n\t\t\t\t<h4 class=\"bdpp-post-title\">\r\n\t\t\t\t\t<a href=\"https:\/\/www.knu.is\/en\/holiday-opening-hours-2024\/\" target=\"_self\">Holiday Opening Hours 2024<\/a>\r\n\t\t\t\t<\/h4>\r\n\t\t\t\t\r\n\t\t\t\t\t\r\n\r\n\t\t\t\t\t\t\t<\/div>\r\n\t\t<\/div>\r\n\t<\/div>\r\n<\/div>\r\n\r\n<div class=\"bdpp-post-gridbox bdpp-post-gridbox-right bdpp-col-2 bdpp-columns bdpp-post-1721 bdpp-post-standard  bdpp-no-thumb\">\r\n\t<div class=\"bdpp-post-grid-content bdpp-clearfix\">\r\n\t\t\r\n\t\t<div class=\"bdpp-col-s-12 bdpp-columns\">\r\n\t\t\t\t\t\t<div class=\"bdpp-post-cats\"><a class=\"bdpp-post-cat-link bdpp-post-cat-81 bdpp-post-cat-frettir\" href=\"https:\/\/www.knu.is\/en\/frettir\/\">Fr\u00e9ttir<\/a><\/div>\r\n\t\t\t\r\n\t\t\t<div class=\"bdpp-post-content-overlay\">\r\n\t\t\t\t<h4 class=\"bdpp-post-title\">\r\n\t\t\t\t\t<a href=\"https:\/\/www.knu.is\/en\/notice-reception-closed-due-to-renovations\/\" target=\"_self\">Notice: Reception Closed Due to Renovations<\/a>\r\n\t\t\t\t<\/h4>\r\n\t\t\t\t\r\n\t\t\t\t\t\r\n\r\n\t\t\t\t\t\t\t<\/div>\r\n\t\t<\/div>\r\n\t<\/div>\r\n<\/div>\r\n\r\n<div class=\"bdpp-post-gridbox bdpp-post-gridbox-right bdpp-col-2 bdpp-columns bdpp-post-1716 bdpp-post-standard  bdpp-no-thumb bdpp-first\">\r\n\t<div class=\"bdpp-post-grid-content bdpp-clearfix\">\r\n\t\t\r\n\t\t<div class=\"bdpp-col-s-12 bdpp-columns\">\r\n\t\t\t\t\t\t<div class=\"bdpp-post-cats\"><a class=\"bdpp-post-cat-link bdpp-post-cat-81 bdpp-post-cat-frettir\" href=\"https:\/\/www.knu.is\/en\/frettir\/\">Fr\u00e9ttir<\/a><\/div>\r\n\t\t\t\r\n\t\t\t<div class=\"bdpp-post-content-overlay\">\r\n\t\t\t\t<h4 class=\"bdpp-post-title\">\r\n\t\t\t\t\t<a href=\"https:\/\/www.knu.is\/en\/opening-hours-during-the-holidays-2\/\" target=\"_self\">Opening hours during the holidays<\/a>\r\n\t\t\t\t<\/h4>\r\n\t\t\t\t\r\n\t\t\t\t\t\r\n\r\n\t\t\t\t\t\t\t<\/div>\r\n\t\t<\/div>\r\n\t<\/div>\r\n<\/div>\r\n\r\n<div class=\"bdpp-post-gridbox bdpp-post-gridbox-right bdpp-col-2 bdpp-columns bdpp-post-1700 bdpp-post-standard  bdpp-no-thumb\">\r\n\t<div class=\"bdpp-post-grid-content bdpp-clearfix\">\r\n\t\t\r\n\t\t<div class=\"bdpp-col-s-12 bdpp-columns\">\r\n\t\t\t\t\t\t<div class=\"bdpp-post-cats\"><a class=\"bdpp-post-cat-link bdpp-post-cat-68 bdpp-post-cat-uncategorized-is\" href=\"https:\/\/www.knu.is\/en\/uncategorized-is\/\">Uncategorized @is<\/a><\/div>\r\n\t\t\t\r\n\t\t\t<div class=\"bdpp-post-content-overlay\">\r\n\t\t\t\t<h4 class=\"bdpp-post-title\">\r\n\t\t\t\t\t<a href=\"https:\/\/www.knu.is\/en\/office-closed-from-100-pm-on-the-4th-of-august\/\" target=\"_self\">Office closed from 1:00 pm on the 4th of August<\/a>\r\n\t\t\t\t<\/h4>\r\n\t\t\t\t\r\n\t\t\t\t\t\r\n\r\n\t\t\t\t\t\t\t<\/div>\r\n\t\t<\/div>\r\n\t<\/div>\r\n<\/div>\r\n\r\n<div class=\"bdpp-post-gridbox bdpp-post-gridbox-right bdpp-col-2 bdpp-columns bdpp-post-1674 bdpp-post-standard  bdpp-no-thumb bdpp-first\">\r\n\t<div class=\"bdpp-post-grid-content bdpp-clearfix\">\r\n\t\t\r\n\t\t<div class=\"bdpp-col-s-12 bdpp-columns\">\r\n\t\t\t\t\t\t<div class=\"bdpp-post-cats\"><a class=\"bdpp-post-cat-link bdpp-post-cat-81 bdpp-post-cat-frettir\" href=\"https:\/\/www.knu.is\/en\/frettir\/\">Fr\u00e9ttir<\/a><\/div>\r\n\t\t\t\r\n\t\t\t<div class=\"bdpp-post-content-overlay\">\r\n\t\t\t\t<h4 class=\"bdpp-post-title\">\r\n\t\t\t\t\t<a href=\"https:\/\/www.knu.is\/en\/opening-hours-during-the-holidays\/\" target=\"_self\">Opening hours during the holidays 2022<\/a>\r\n\t\t\t\t<\/h4>\r\n\t\t\t\t\r\n\t\t\t\t\t\r\n\r\n\t\t\t\t\t\t\t<\/div>\r\n\t\t<\/div>\r\n\t<\/div>\r\n<\/div>\r\n\r\n<div class=\"bdpp-post-gridbox bdpp-post-gridbox-right bdpp-col-2 bdpp-columns bdpp-post-1660 bdpp-post-standard  bdpp-no-thumb\">\r\n\t<div class=\"bdpp-post-grid-content bdpp-clearfix\">\r\n\t\t\r\n\t\t<div class=\"bdpp-col-s-12 bdpp-columns\">\r\n\t\t\t\t\t\t<div class=\"bdpp-post-cats\"><a class=\"bdpp-post-cat-link bdpp-post-cat-81 bdpp-post-cat-frettir\" href=\"https:\/\/www.knu.is\/en\/frettir\/\">Fr\u00e9ttir<\/a><\/div>\r\n\t\t\t\r\n\t\t\t<div class=\"bdpp-post-content-overlay\">\r\n\t\t\t\t<h4 class=\"bdpp-post-title\">\r\n\t\t\t\t\t<a href=\"https:\/\/www.knu.is\/en\/office-closed-on-the-29th-and-30th-of-september\/\" target=\"_self\">Office closed on the 29th and 30th of September<\/a>\r\n\t\t\t\t<\/h4>\r\n\t\t\t\t\r\n\t\t\t\t\t\r\n\r\n\t\t\t\t\t\t\t<\/div>\r\n\t\t<\/div>\r\n\t<\/div>\r\n<\/div>\r\n\r\n<div class=\"bdpp-post-gridbox bdpp-post-gridbox-right bdpp-col-2 bdpp-columns bdpp-post-715 bdpp-post-standard  bdpp-has-thumb bdpp-first\">\r\n\t<div class=\"bdpp-post-grid-content bdpp-clearfix\">\r\n\t\t\t\r\n\t\t<div class=\"bdpp-col-s-4 bdpp-columns\">\r\n\t\t\t<div class=\"bdpp-post-img-bg\">\r\n\t\t\t\t<a href=\"https:\/\/www.knu.is\/en\/arsskyrsla-kaerunefndar-utlendingamala-2018\/\" target=\"_self\">\r\n\t\t\t\t\t<img src=\"https:\/\/www.knu.is\/en\/wp-content\/uploads\/2020\/03\/13-280x280.jpg\" alt=\"\u00c1rssk\u00fdrsla k\u00e6runefndar \u00fatlendingam\u00e1la 2018\" \/>\r\n\t\t\t\t\t\t\t\t\t<\/a>\r\n\t\t\t<\/div>\r\n\t\t<\/div>\r\n\t\t\r\n\t\t<div class=\"bdpp-col-s-8 bdpp-columns\">\r\n\t\t\t\t\t\t<div class=\"bdpp-post-cats\"><a class=\"bdpp-post-cat-link bdpp-post-cat-81 bdpp-post-cat-frettir\" href=\"https:\/\/www.knu.is\/en\/frettir\/\">Fr\u00e9ttir<\/a><\/div>\r\n\t\t\t\r\n\t\t\t<div class=\"bdpp-post-content-overlay\">\r\n\t\t\t\t<h4 class=\"bdpp-post-title\">\r\n\t\t\t\t\t<a href=\"https:\/\/www.knu.is\/en\/arsskyrsla-kaerunefndar-utlendingamala-2018\/\" target=\"_self\">\u00c1rssk\u00fdrsla k\u00e6runefndar \u00fatlendingam\u00e1la 2018<\/a>\r\n\t\t\t\t<\/h4>\r\n\t\t\t\t\r\n\t\t\t\t\t\r\n\r\n\t\t\t\t\t\t\t<\/div>\r\n\t\t<\/div>\r\n\t<\/div>\r\n<\/div>\r\n\r\n<div class=\"bdpp-post-gridbox bdpp-post-gridbox-right bdpp-col-2 bdpp-columns bdpp-post-1172 bdpp-post-standard  bdpp-has-thumb\">\r\n\t<div class=\"bdpp-post-grid-content bdpp-clearfix\">\r\n\t\t\t\r\n\t\t<div class=\"bdpp-col-s-4 bdpp-columns\">\r\n\t\t\t<div class=\"bdpp-post-img-bg\">\r\n\t\t\t\t<a href=\"https:\/\/www.knu.is\/en\/arsskyrsla-kaerunefndar-utlendingamala-2017\/\" target=\"_self\">\r\n\t\t\t\t\t<img src=\"https:\/\/www.knu.is\/en\/wp-content\/uploads\/2018\/07\/Arsskyrsla2017-280x280.png\" alt=\"\u00c1rssk\u00fdrsla k\u00e6runefndar \u00fatlendingam\u00e1la 2017\" \/>\r\n\t\t\t\t\t\t\t\t\t<\/a>\r\n\t\t\t<\/div>\r\n\t\t<\/div>\r\n\t\t\r\n\t\t<div class=\"bdpp-col-s-8 bdpp-columns\">\r\n\t\t\t\t\t\t<div class=\"bdpp-post-cats\"><a class=\"bdpp-post-cat-link bdpp-post-cat-81 bdpp-post-cat-frettir\" href=\"https:\/\/www.knu.is\/en\/frettir\/\">Fr\u00e9ttir<\/a><\/div>\r\n\t\t\t\r\n\t\t\t<div class=\"bdpp-post-content-overlay\">\r\n\t\t\t\t<h4 class=\"bdpp-post-title\">\r\n\t\t\t\t\t<a href=\"https:\/\/www.knu.is\/en\/arsskyrsla-kaerunefndar-utlendingamala-2017\/\" target=\"_self\">\u00c1rssk\u00fdrsla k\u00e6runefndar \u00fatlendingam\u00e1la 2017<\/a>\r\n\t\t\t\t<\/h4>\r\n\t\t\t\t\r\n\t\t\t\t\t\r\n\r\n\t\t\t\t\t\t\t<\/div>\r\n\t\t<\/div>\r\n\t<\/div>\r\n<\/div>\r\n\r\n<div class=\"bdpp-post-gridbox bdpp-post-gridbox-right bdpp-col-2 bdpp-columns bdpp-post-1166 bdpp-post-standard  bdpp-has-thumb bdpp-first\">\r\n\t<div class=\"bdpp-post-grid-content bdpp-clearfix\">\r\n\t\t\t\r\n\t\t<div class=\"bdpp-col-s-4 bdpp-columns\">\r\n\t\t\t<div class=\"bdpp-post-img-bg\">\r\n\t\t\t\t<a href=\"https:\/\/www.knu.is\/en\/arsskyrsla-kaerunefndar-utlendingamala-2016\/\" target=\"_self\">\r\n\t\t\t\t\t<img src=\"https:\/\/www.knu.is\/en\/wp-content\/uploads\/2020\/03\/Arsskyrsla2016-280x280.jpg\" alt=\"\u00c1rssk\u00fdrsla k\u00e6runefndar \u00fatlendingam\u00e1la 2016\" \/>\r\n\t\t\t\t\t\t\t\t\t<\/a>\r\n\t\t\t<\/div>\r\n\t\t<\/div>\r\n\t\t\r\n\t\t<div class=\"bdpp-col-s-8 bdpp-columns\">\r\n\t\t\t\t\t\t<div class=\"bdpp-post-cats\"><a class=\"bdpp-post-cat-link bdpp-post-cat-81 bdpp-post-cat-frettir\" href=\"https:\/\/www.knu.is\/en\/frettir\/\">Fr\u00e9ttir<\/a><\/div>\r\n\t\t\t\r\n\t\t\t<div class=\"bdpp-post-content-overlay\">\r\n\t\t\t\t<h4 class=\"bdpp-post-title\">\r\n\t\t\t\t\t<a href=\"https:\/\/www.knu.is\/en\/arsskyrsla-kaerunefndar-utlendingamala-2016\/\" target=\"_self\">\u00c1rssk\u00fdrsla k\u00e6runefndar \u00fatlendingam\u00e1la 2016<\/a>\r\n\t\t\t\t<\/h4>\r\n\t\t\t\t\r\n\t\t\t\t\t\r\n\r\n\t\t\t\t\t\t\t<\/div>\r\n\t\t<\/div>\r\n\t<\/div>\r\n<\/div>\r\n\r\n<div class=\"bdpp-post-gridbox bdpp-post-gridbox-right bdpp-col-2 bdpp-columns bdpp-post-1159 bdpp-post-standard  bdpp-has-thumb\">\r\n\t<div class=\"bdpp-post-grid-content bdpp-clearfix\">\r\n\t\t\t\r\n\t\t<div class=\"bdpp-col-s-4 bdpp-columns\">\r\n\t\t\t<div class=\"bdpp-post-img-bg\">\r\n\t\t\t\t<a href=\"https:\/\/www.knu.is\/en\/malsmedferdartimi-kaerunefndar-utlendingamala-styttist-enn\/\" target=\"_self\">\r\n\t\t\t\t\t<img src=\"https:\/\/www.knu.is\/en\/wp-content\/uploads\/2020\/03\/Medalmalsmedferdartimi_I_Dogum-280x280.jpg\" alt=\"M\u00e1lsme\u00f0fer\u00f0art\u00edmi K\u00e6runefndar \u00fatlendingam\u00e1la styttist enn\" \/>\r\n\t\t\t\t\t\t\t\t\t<\/a>\r\n\t\t\t<\/div>\r\n\t\t<\/div>\r\n\t\t\r\n\t\t<div class=\"bdpp-col-s-8 bdpp-columns\">\r\n\t\t\t\t\t\t<div class=\"bdpp-post-cats\"><a class=\"bdpp-post-cat-link bdpp-post-cat-81 bdpp-post-cat-frettir\" href=\"https:\/\/www.knu.is\/en\/frettir\/\">Fr\u00e9ttir<\/a><\/div>\r\n\t\t\t\r\n\t\t\t<div class=\"bdpp-post-content-overlay\">\r\n\t\t\t\t<h4 class=\"bdpp-post-title\">\r\n\t\t\t\t\t<a href=\"https:\/\/www.knu.is\/en\/malsmedferdartimi-kaerunefndar-utlendingamala-styttist-enn\/\" target=\"_self\">M\u00e1lsme\u00f0fer\u00f0art\u00edmi K\u00e6runefndar \u00fatlendingam\u00e1la styttist enn<\/a>\r\n\t\t\t\t<\/h4>\r\n\t\t\t\t\r\n\t\t\t\t\t\r\n\r\n\t\t\t\t\t\t\t<\/div>\r\n\t\t<\/div>\r\n\t<\/div>\r\n<\/div>\r\n\r\n<div class=\"bdpp-post-gridbox bdpp-post-gridbox-right bdpp-col-2 bdpp-columns bdpp-post-1149 bdpp-post-standard  bdpp-has-thumb bdpp-first\">\r\n\t<div class=\"bdpp-post-grid-content bdpp-clearfix\">\r\n\t\t\t\r\n\t\t<div class=\"bdpp-col-s-4 bdpp-columns\">\r\n\t\t\t<div class=\"bdpp-post-img-bg\">\r\n\t\t\t\t<a href=\"https:\/\/www.knu.is\/en\/tolfraedi-kaerunefndar-utlendingamala-1-juli-2016\/\" target=\"_self\">\r\n\t\t\t\t\t<img src=\"https:\/\/www.knu.is\/en\/wp-content\/uploads\/2020\/03\/Fjoldi_Urskurda_2015-2016-280x280.jpg\" alt=\"T\u00f6lfr\u00e6\u00f0i K\u00e6runefndar \u00fatlendingam\u00e1la 1. j\u00fal\u00ed 2016\" \/>\r\n\t\t\t\t\t\t\t\t\t<\/a>\r\n\t\t\t<\/div>\r\n\t\t<\/div>\r\n\t\t\r\n\t\t<div class=\"bdpp-col-s-8 bdpp-columns\">\r\n\t\t\t\t\t\t<div class=\"bdpp-post-cats\"><a class=\"bdpp-post-cat-link bdpp-post-cat-81 bdpp-post-cat-frettir\" href=\"https:\/\/www.knu.is\/en\/frettir\/\">Fr\u00e9ttir<\/a><\/div>\r\n\t\t\t\r\n\t\t\t<div class=\"bdpp-post-content-overlay\">\r\n\t\t\t\t<h4 class=\"bdpp-post-title\">\r\n\t\t\t\t\t<a href=\"https:\/\/www.knu.is\/en\/tolfraedi-kaerunefndar-utlendingamala-1-juli-2016\/\" target=\"_self\">T\u00f6lfr\u00e6\u00f0i K\u00e6runefndar \u00fatlendingam\u00e1la 1. j\u00fal\u00ed 2016<\/a>\r\n\t\t\t\t<\/h4>\r\n\t\t\t\t\r\n\t\t\t\t\t\r\n\r\n\t\t\t\t\t\t\t<\/div>\r\n\t\t<\/div>\r\n\t<\/div>\r\n<\/div>\r\n\r\n<div class=\"bdpp-post-gridbox bdpp-post-gridbox-right bdpp-col-2 bdpp-columns bdpp-post-682 bdpp-post-standard  bdpp-has-thumb\">\r\n\t<div class=\"bdpp-post-grid-content bdpp-clearfix\">\r\n\t\t\t\r\n\t\t<div class=\"bdpp-col-s-4 bdpp-columns\">\r\n\t\t\t<div class=\"bdpp-post-img-bg\">\r\n\t\t\t\t<a href=\"https:\/\/www.knu.is\/en\/arsskyrsla-kaerunefndar-utlendingamala-2015\/\" target=\"_self\">\r\n\t\t\t\t\t<img src=\"https:\/\/www.knu.is\/en\/wp-content\/uploads\/2020\/03\/ArsskyrslaKNU2015-280x280.jpg\" alt=\"\u00c1rssk\u00fdrsla k\u00e6runefndar \u00fatlendingam\u00e1la 2015\" \/>\r\n\t\t\t\t\t\t\t\t\t<\/a>\r\n\t\t\t<\/div>\r\n\t\t<\/div>\r\n\t\t\r\n\t\t<div class=\"bdpp-col-s-8 bdpp-columns\">\r\n\t\t\t\t\t\t<div class=\"bdpp-post-cats\"><a class=\"bdpp-post-cat-link bdpp-post-cat-81 bdpp-post-cat-frettir\" href=\"https:\/\/www.knu.is\/en\/frettir\/\">Fr\u00e9ttir<\/a><\/div>\r\n\t\t\t\r\n\t\t\t<div class=\"bdpp-post-content-overlay\">\r\n\t\t\t\t<h4 class=\"bdpp-post-title\">\r\n\t\t\t\t\t<a href=\"https:\/\/www.knu.is\/en\/arsskyrsla-kaerunefndar-utlendingamala-2015\/\" target=\"_self\">\u00c1rssk\u00fdrsla k\u00e6runefndar \u00fatlendingam\u00e1la 2015<\/a>\r\n\t\t\t\t<\/h4>\r\n\t\t\t\t\r\n\t\t\t\t\t\r\n\r\n\t\t\t\t\t\t\t<\/div>\r\n\t\t<\/div>\r\n\t<\/div>\r\n<\/div>\r\n\r\n<div class=\"bdpp-post-gridbox bdpp-post-gridbox-right bdpp-col-2 bdpp-columns bdpp-post-677 bdpp-post-standard  bdpp-has-thumb bdpp-first\">\r\n\t<div class=\"bdpp-post-grid-content bdpp-clearfix\">\r\n\t\t\t\r\n\t\t<div class=\"bdpp-col-s-4 bdpp-columns\">\r\n\t\t\t<div class=\"bdpp-post-img-bg\">\r\n\t\t\t\t<a href=\"https:\/\/www.knu.is\/en\/verulegur-arangur-nadst-vid-ad-stytta-malsmedferdartima-haelismala\/\" target=\"_self\">\r\n\t\t\t\t\t<img src=\"https:\/\/www.knu.is\/en\/wp-content\/uploads\/2016\/02\/Malsmedferdatimi2-280x272.jpg\" alt=\"VERULEGUR \u00c1RANGUR N\u00c1\u00d0ST VI\u00d0 A\u00d0 STYTTA M\u00c1LSME\u00d0FER\u00d0ART\u00cdMA H\u00c6LISM\u00c1LA\" \/>\r\n\t\t\t\t\t\t\t\t\t<\/a>\r\n\t\t\t<\/div>\r\n\t\t<\/div>\r\n\t\t\r\n\t\t<div class=\"bdpp-col-s-8 bdpp-columns\">\r\n\t\t\t\t\t\t<div class=\"bdpp-post-cats\"><a class=\"bdpp-post-cat-link bdpp-post-cat-81 bdpp-post-cat-frettir\" href=\"https:\/\/www.knu.is\/en\/frettir\/\">Fr\u00e9ttir<\/a><\/div>\r\n\t\t\t\r\n\t\t\t<div class=\"bdpp-post-content-overlay\">\r\n\t\t\t\t<h4 class=\"bdpp-post-title\">\r\n\t\t\t\t\t<a href=\"https:\/\/www.knu.is\/en\/verulegur-arangur-nadst-vid-ad-stytta-malsmedferdartima-haelismala\/\" target=\"_self\">VERULEGUR \u00c1RANGUR N\u00c1\u00d0ST VI\u00d0 A\u00d0 STYTTA M\u00c1LSME\u00d0FER\u00d0ART\u00cdMA H\u00c6LISM\u00c1LA<\/a>\r\n\t\t\t\t<\/h4>\r\n\t\t\t\t\r\n\t\t\t\t\t\r\n\r\n\t\t\t\t\t\t\t<\/div>\r\n\t\t<\/div>\r\n\t<\/div>\r\n<\/div>\r\n\r\n<div class=\"bdpp-post-gridbox bdpp-post-gridbox-right bdpp-col-2 bdpp-columns bdpp-post-671 bdpp-post-standard  bdpp-has-thumb\">\r\n\t<div class=\"bdpp-post-grid-content bdpp-clearfix\">\r\n\t\t\t\r\n\t\t<div class=\"bdpp-col-s-4 bdpp-columns\">\r\n\t\t\t<div class=\"bdpp-post-img-bg\">\r\n\t\t\t\t<a href=\"https:\/\/www.knu.is\/en\/vefur-kaerunefndar-utlendingamala\/\" target=\"_self\">\r\n\t\t\t\t\t<img src=\"https:\/\/www.knu.is\/en\/wp-content\/uploads\/2016\/01\/Vefsida_i_Lofid_2016-280x280.jpg\" alt=\"THE WEBSITE OF THE IMMIGRATION AND ASYLUM APPEALS BOARD\" \/>\r\n\t\t\t\t\t\t\t\t\t<\/a>\r\n\t\t\t<\/div>\r\n\t\t<\/div>\r\n\t\t\r\n\t\t<div class=\"bdpp-col-s-8 bdpp-columns\">\r\n\t\t\t\t\t\t<div class=\"bdpp-post-cats\"><a class=\"bdpp-post-cat-link bdpp-post-cat-81 bdpp-post-cat-frettir\" href=\"https:\/\/www.knu.is\/en\/frettir\/\">Fr\u00e9ttir<\/a><\/div>\r\n\t\t\t\r\n\t\t\t<div class=\"bdpp-post-content-overlay\">\r\n\t\t\t\t<h4 class=\"bdpp-post-title\">\r\n\t\t\t\t\t<a href=\"https:\/\/www.knu.is\/en\/vefur-kaerunefndar-utlendingamala\/\" target=\"_self\">THE WEBSITE OF THE IMMIGRATION AND ASYLUM APPEALS BOARD<\/a>\r\n\t\t\t\t<\/h4>\r\n\t\t\t\t\r\n\t\t\t\t\t\r\n\r\n\t\t\t\t\t\t\t<\/div>\r\n\t\t<\/div>\r\n\t<\/div>\r\n<\/div>\r\n\t<\/div>\r\n\t<\/div>\n\t\t<\/div>\n\t\t\t<\/div>\n\n\t\n<\/div>\n","protected":false},"excerpt":{"rendered":"","protected":false},"author":1,"featured_media":0,"parent":0,"menu_order":0,"comment_status":"closed","ping_status":"closed","template":"page-blank.php","meta":[],"yoast_head":"<!-- This site is optimized with the Yoast SEO plugin v14.7 - https:\/\/yoast.com\/wordpress\/plugins\/seo\/ -->\n<title>News | Immigration Appeals Board | knu.is<\/title>\n<meta name=\"description\" content=\"Immigration Appeals Board | Sk\u00falag\u00f6tu 17 | 101 Reykjav\u00edk | Tel: +354 510 0510 | postur@knu.is | Monday - Friday: 09.00-12.00 &amp; 13.00-16.00\" \/>\n<meta name=\"robots\" content=\"index, follow\" \/>\n<meta name=\"googlebot\" content=\"index, follow, max-snippet:-1, max-image-preview:large, max-video-preview:-1\" \/>\n<meta name=\"bingbot\" content=\"index, follow, max-snippet:-1, max-image-preview:large, max-video-preview:-1\" \/>\n<link rel=\"canonical\" href=\"https:\/\/www.knu.is\/en\/news\/\" \/>\n<meta property=\"og:locale\" content=\"is_IS\" \/>\n<meta property=\"og:type\" content=\"article\" \/>\n<meta property=\"og:title\" content=\"News | Immigration Appeals Board | knu.is\" \/>\n<meta property=\"og:description\" content=\"Immigration Appeals Board | Sk\u00falag\u00f6tu 17 | 101 Reykjav\u00edk | Tel: +354 510 0510 | postur@knu.is | Monday - Friday: 09.00-12.00 &amp; 13.00-16.00\" \/>\n<meta property=\"og:url\" content=\"https:\/\/www.knu.is\/en\/news\/\" \/>\n<meta property=\"og:site_name\" content=\"Immigration Appeals Board\" \/>\n<meta property=\"article:modified_time\" content=\"2020-08-15T14:40:10+00:00\" \/>\n<meta name=\"twitter:card\" content=\"summary_large_image\" \/>\n<script type=\"application\/ld+json\" class=\"yoast-schema-graph\">{\"@context\":\"https:\/\/schema.org\",\"@graph\":[{\"@type\":\"Organization\",\"@id\":\"https:\/\/www.knu.is\/en\/#organization\",\"name\":\"Immigration Appeals Board\",\"url\":\"https:\/\/www.knu.is\/en\/\",\"sameAs\":[],\"logo\":{\"@type\":\"ImageObject\",\"@id\":\"https:\/\/www.knu.is\/en\/#logo\",\"inLanguage\":\"is\",\"url\":\"https:\/\/www.knu.is\/en\/wp-content\/uploads\/2020\/05\/KNU_Logo_310x90.png\",\"width\":310,\"height\":90,\"caption\":\"Immigration Appeals Board\"},\"image\":{\"@id\":\"https:\/\/www.knu.is\/en\/#logo\"}},{\"@type\":\"WebSite\",\"@id\":\"https:\/\/www.knu.is\/en\/#website\",\"url\":\"https:\/\/www.knu.is\/en\/\",\"name\":\"Immigration Appeals Board\",\"description\":\"K&aelig;runefnd &uacute;tlendingam&aacute;la\",\"publisher\":{\"@id\":\"https:\/\/www.knu.is\/en\/#organization\"},\"potentialAction\":[{\"@type\":\"SearchAction\",\"target\":\"https:\/\/www.knu.is\/en\/?s={search_term_string}\",\"query-input\":\"required name=search_term_string\"}],\"inLanguage\":\"is\"},{\"@type\":\"WebPage\",\"@id\":\"https:\/\/www.knu.is\/en\/news\/#webpage\",\"url\":\"https:\/\/www.knu.is\/en\/news\/\",\"name\":\"News | Immigration Appeals Board | knu.is\",\"isPartOf\":{\"@id\":\"https:\/\/www.knu.is\/en\/#website\"},\"datePublished\":\"2020-03-27T06:57:27+00:00\",\"dateModified\":\"2020-08-15T14:40:10+00:00\",\"description\":\"Immigration Appeals Board | Sk\\u00falag\\u00f6tu 17 | 101 Reykjav\\u00edk | Tel: +354 510 0510 | postur@knu.is | Monday - Friday: 09.00-12.00 & 13.00-16.00\",\"inLanguage\":\"is\",\"potentialAction\":[{\"@type\":\"ReadAction\",\"target\":[\"https:\/\/www.knu.is\/en\/news\/\"]}]}]}<\/script>\n<!-- \/ Yoast SEO plugin. -->","_links":{"self":[{"href":"https:\/\/www.knu.is\/en\/wp-json\/wp\/v2\/pages\/889"}],"collection":[{"href":"https:\/\/www.knu.is\/en\/wp-json\/wp\/v2\/pages"}],"about":[{"href":"https:\/\/www.knu.is\/en\/wp-json\/wp\/v2\/types\/page"}],"author":[{"embeddable":true,"href":"https:\/\/www.knu.is\/en\/wp-json\/wp\/v2\/users\/1"}],"replies":[{"embeddable":true,"href":"https:\/\/www.knu.is\/en\/wp-json\/wp\/v2\/comments?post=889"}],"version-history":[{"count":9,"href":"https:\/\/www.knu.is\/en\/wp-json\/wp\/v2\/pages\/889\/revisions"}],"predecessor-version":[{"id":1400,"href":"https:\/\/www.knu.is\/en\/wp-json\/wp\/v2\/pages\/889\/revisions\/1400"}],"wp:attachment":[{"href":"https:\/\/www.knu.is\/en\/wp-json\/wp\/v2\/media?parent=889"}],"curies":[{"name":"wp","href":"https:\/\/api.w.org\/{rel}","templated":true}]}}