{"id":895,"date":"2020-03-27T09:47:37","date_gmt":"2020-03-27T09:47:37","guid":{"rendered":"https:\/\/www.knu.is\/en\/?page_id=895"},"modified":"2024-12-17T11:29:17","modified_gmt":"2024-12-17T11:29:17","slug":"the-office-and-its-staff","status":"publish","type":"page","link":"https:\/\/www.knu.is\/en\/the-office-and-its-staff\/","title":{"rendered":"The office and its staff"},"content":{"rendered":"\t<section class=\"section\" id=\"section_1828607464\">\n\t\t<div class=\"bg section-bg fill bg-fill  bg-loaded\" >\n\n\t\t\t\n\t\t\t\n\t\t\t\n\n\t\t<\/div>\n\n\t\t<div class=\"section-content relative\">\n\t\t\t\n<div class=\"row\"  id=\"row-1072626045\">\n\n\t<div id=\"col-1030095874\" class=\"col medium-4 small-12 large-4\"  >\n\t\t<div class=\"col-inner\"  >\n\t\t\t\n\t\t\t\n\t<div class=\"img has-hover x md-x lg-x y md-y lg-y\" id=\"image_2096231634\">\n\t\t<a class=\"\" href=\"https:\/\/ja.is\/kort\/?d=hashid%3AdKDar&amp;x=358115&amp;y=407617&amp;nz=12.86&amp;jh=28.7\" target=\"_blank\" rel=\"noopener noreferrer\" >\t\t\t\t\t\t<div class=\"img-inner dark\" >\n\t\t\t<img width=\"600\" height=\"500\" src=\"https:\/\/www.knu.is\/en\/wp-content\/uploads\/2020\/03\/13.jpg\" class=\"attachment-large size-large\" alt=\"\" loading=\"lazy\" srcset=\"https:\/\/www.knu.is\/en\/wp-content\/uploads\/2020\/03\/13.jpg 600w, https:\/\/www.knu.is\/en\/wp-content\/uploads\/2020\/03\/13-480x400.jpg 480w\" sizes=\"(max-width: 600px) 100vw, 600px\" \/>\t\t\t\t\t\t\n\t\t\t\t\t<\/div>\n\t\t\t\t\t\t<\/a>\t\t\n<style>\n#image_2096231634 {\n  width: 100%;\n}\n<\/style>\n\t<\/div>\n\t\n\t\t<\/div>\n\t\t\t<\/div>\n\n\t\n\n\t<div id=\"col-1474702446\" class=\"col medium-8 small-12 large-8\"  >\n\t\t<div class=\"col-inner\"  >\n\t\t\t\n\t\t\t\n\t<div id=\"gap-2074166885\" class=\"gap-element clearfix\" style=\"display:block; height:auto;\">\n\t\t\n<style>\n#gap-2074166885 {\n  padding-top: 0px;\n}\n@media (min-width:550px) {\n  #gap-2074166885 {\n    padding-top: 22px;\n  }\n}\n@media (min-width:850px) {\n  #gap-2074166885 {\n    padding-top: 12px;\n  }\n}\n<\/style>\n\t<\/div>\n\t\n<h2><strong>The office and its staff<\/strong><\/h2>\n<div class=\"css-146c3p1 r-bcqeeo r-1ttztb7 r-qvutc0 r-37j5jr r-a023e6 r-rjixqe r-16dba41 r-1adg3ll\" dir=\"ltr\"><span class=\"css-1jxf684 r-bcqeeo r-1ttztb7 r-qvutc0 r-poiln3\"><span class=\"css-1jxf684 r-bcqeeo r-1ttztb7 r-qvutc0 r-poiln3 r-1wl4xqv\">The chairman of the board is \u00deorsteinn Gunnarsson. In addition to him, there&#8217;s a vice-chairman and a board member working full-time at the board. The board also employs two senior legal advisors and 17 lawyers in preparing rulings, along with two legal assistants. The staff of the board has diverse experience, including in immigration matters and decisions in this field, as well as human rights issues.<\/span><\/span><\/div>\n<p>\u00a0<\/p>\n<div class=\"css-146c3p1 r-bcqeeo r-1ttztb7 r-qvutc0 r-37j5jr r-a023e6 r-rjixqe r-16dba41 r-1adg3ll\" dir=\"ltr\"><span class=\"css-1jxf684 r-bcqeeo r-1ttztb7 r-qvutc0 r-poiln3\"><span class=\"css-1jxf684 r-bcqeeo r-1ttztb7 r-qvutc0 r-poiln3 r-1wl4xqv\">You can contact the board&#8217;s staff by phone at 510 0510 or via the email address <\/span>postur@knu.is.<\/span><\/div>\n<p>\u00a0<\/p>\n<div class=\"css-146c3p1 r-bcqeeo r-1ttztb7 r-qvutc0 r-37j5jr r-a023e6 r-rjixqe r-16dba41 r-1adg3ll\" dir=\"ltr\"><span class=\"css-1jxf684 r-bcqeeo r-1ttztb7 r-qvutc0 r-poiln3\"><span class=\"css-1jxf684 r-bcqeeo r-1ttztb7 r-qvutc0 r-poiln3 r-1wl4xqv\">The Immigration Appeals Board is located at Sk\u00falagata 17, 101 Reykjav\u00edk.<\/span><\/span><\/div>\n<p>\u00a0<\/p>\n<div class=\"css-146c3p1 r-bcqeeo r-1ttztb7 r-qvutc0 r-37j5jr r-a023e6 r-rjixqe r-16dba41 r-1adg3ll\" dir=\"ltr\"><span class=\"css-1jxf684 r-bcqeeo r-1ttztb7 r-qvutc0 r-poiln3\"><span class=\"css-1jxf684 r-bcqeeo r-1ttztb7 r-qvutc0 r-poiln3 r-1wl4xqv\">The office is open on weekdays from 10:00 AM to 12:00 PM and from 1:00 PM to 3:00 PM. Phone lines are answered from 10:00 AM to 12:00 PM and from 1:00 PM to 3:00 PM.<\/span><\/span><\/div>\n<p>\u00a0<\/p>\n<p>\u00a0<\/p>\n\t\t<\/div>\n\t\t\t<\/div>\n\n\t\n<\/div>\n<div class=\"row\"  id=\"row-1906183854\">\n\n\t<div id=\"col-829381904\" class=\"col small-12 large-12\"  >\n\t\t<div class=\"col-inner\"  >\n\t\t\t\n\t\t\t\n\t<div class=\"img has-hover x md-x lg-x y md-y lg-y\" id=\"image_1392378894\">\n\t\t<a class=\"\" href=\"https:\/\/ja.is\/kort\/?d=hashid%3AdKDar&amp;x=357491&amp;y=407865&amp;nz=14.70\" target=\"_blank\" rel=\"noopener noreferrer\" >\t\t\t\t\t\t<div class=\"img-inner dark\" >\n\t\t\t<img width=\"1020\" height=\"355\" src=\"https:\/\/www.knu.is\/en\/wp-content\/uploads\/2020\/03\/Kort-1.jpg\" class=\"attachment-large size-large\" alt=\"\" loading=\"lazy\" srcset=\"https:\/\/www.knu.is\/en\/wp-content\/uploads\/2020\/03\/Kort-1.jpg 1170w, https:\/\/www.knu.is\/en\/wp-content\/uploads\/2020\/03\/Kort-1-800x278.jpg 800w, https:\/\/www.knu.is\/en\/wp-content\/uploads\/2020\/03\/Kort-1-768x267.jpg 768w\" sizes=\"(max-width: 1020px) 100vw, 1020px\" \/>\t\t\t\t\t\t\n\t\t\t\t\t<\/div>\n\t\t\t\t\t\t<\/a>\t\t\n<style>\n#image_1392378894 {\n  width: 100%;\n}\n<\/style>\n\t<\/div>\n\t\n\t\t<\/div>\n\t\t\t<\/div>\n\n\t\n<\/div>\n\t\t<\/div>\n\n\t\t\n<style>\n#section_1828607464 {\n  padding-top: 30px;\n  padding-bottom: 30px;\n}\n<\/style>\n\t<\/section>\n\t\n","protected":false},"excerpt":{"rendered":"","protected":false},"author":1,"featured_media":0,"parent":0,"menu_order":0,"comment_status":"closed","ping_status":"closed","template":"page-blank.php","meta":[],"yoast_head":"<!-- This site is optimized with the Yoast SEO plugin v14.7 - https:\/\/yoast.com\/wordpress\/plugins\/seo\/ -->\n<title>The office and its staff | Immigration Appeals Board | knu.is<\/title>\n<meta name=\"description\" content=\"Immigration Appeals Board | Sk\u00falag\u00f6tu 17 | 101 Reykjav\u00edk | Tel: +354 510 0510 | postur@knu.is | Monday - Friday: 09.00-12.00 &amp; 13.00-16.00\" \/>\n<meta name=\"robots\" content=\"index, follow\" \/>\n<meta name=\"googlebot\" content=\"index, follow, max-snippet:-1, max-image-preview:large, max-video-preview:-1\" \/>\n<meta name=\"bingbot\" content=\"index, follow, max-snippet:-1, max-image-preview:large, max-video-preview:-1\" \/>\n<link rel=\"canonical\" href=\"https:\/\/www.knu.is\/en\/the-office-and-its-staff\/\" \/>\n<meta property=\"og:locale\" content=\"is_IS\" \/>\n<meta property=\"og:type\" content=\"article\" \/>\n<meta property=\"og:title\" content=\"The office and its staff | Immigration Appeals Board | knu.is\" \/>\n<meta property=\"og:description\" content=\"Immigration Appeals Board | Sk\u00falag\u00f6tu 17 | 101 Reykjav\u00edk | Tel: +354 510 0510 | postur@knu.is | Monday - Friday: 09.00-12.00 &amp; 13.00-16.00\" \/>\n<meta property=\"og:url\" content=\"https:\/\/www.knu.is\/en\/the-office-and-its-staff\/\" \/>\n<meta property=\"og:site_name\" content=\"Immigration Appeals Board\" \/>\n<meta property=\"article:modified_time\" content=\"2024-12-17T11:29:17+00:00\" \/>\n<meta name=\"twitter:card\" content=\"summary_large_image\" \/>\n<script type=\"application\/ld+json\" class=\"yoast-schema-graph\">{\"@context\":\"https:\/\/schema.org\",\"@graph\":[{\"@type\":\"Organization\",\"@id\":\"https:\/\/www.knu.is\/en\/#organization\",\"name\":\"Immigration Appeals Board\",\"url\":\"https:\/\/www.knu.is\/en\/\",\"sameAs\":[],\"logo\":{\"@type\":\"ImageObject\",\"@id\":\"https:\/\/www.knu.is\/en\/#logo\",\"inLanguage\":\"is\",\"url\":\"https:\/\/www.knu.is\/en\/wp-content\/uploads\/2020\/05\/KNU_Logo_310x90.png\",\"width\":310,\"height\":90,\"caption\":\"Immigration Appeals Board\"},\"image\":{\"@id\":\"https:\/\/www.knu.is\/en\/#logo\"}},{\"@type\":\"WebSite\",\"@id\":\"https:\/\/www.knu.is\/en\/#website\",\"url\":\"https:\/\/www.knu.is\/en\/\",\"name\":\"Immigration Appeals Board\",\"description\":\"K&aelig;runefnd &uacute;tlendingam&aacute;la\",\"publisher\":{\"@id\":\"https:\/\/www.knu.is\/en\/#organization\"},\"potentialAction\":[{\"@type\":\"SearchAction\",\"target\":\"https:\/\/www.knu.is\/en\/?s={search_term_string}\",\"query-input\":\"required name=search_term_string\"}],\"inLanguage\":\"is\"},{\"@type\":\"WebPage\",\"@id\":\"https:\/\/www.knu.is\/en\/the-office-and-its-staff\/#webpage\",\"url\":\"https:\/\/www.knu.is\/en\/the-office-and-its-staff\/\",\"name\":\"The office and its staff | Immigration Appeals Board | knu.is\",\"isPartOf\":{\"@id\":\"https:\/\/www.knu.is\/en\/#website\"},\"datePublished\":\"2020-03-27T09:47:37+00:00\",\"dateModified\":\"2024-12-17T11:29:17+00:00\",\"description\":\"Immigration Appeals Board | Sk\\u00falag\\u00f6tu 17 | 101 Reykjav\\u00edk | Tel: +354 510 0510 | postur@knu.is | Monday - Friday: 09.00-12.00 & 13.00-16.00\",\"inLanguage\":\"is\",\"potentialAction\":[{\"@type\":\"ReadAction\",\"target\":[\"https:\/\/www.knu.is\/en\/the-office-and-its-staff\/\"]}]}]}<\/script>\n<!-- \/ Yoast SEO plugin. -->","_links":{"self":[{"href":"https:\/\/www.knu.is\/en\/wp-json\/wp\/v2\/pages\/895"}],"collection":[{"href":"https:\/\/www.knu.is\/en\/wp-json\/wp\/v2\/pages"}],"about":[{"href":"https:\/\/www.knu.is\/en\/wp-json\/wp\/v2\/types\/page"}],"author":[{"embeddable":true,"href":"https:\/\/www.knu.is\/en\/wp-json\/wp\/v2\/users\/1"}],"replies":[{"embeddable":true,"href":"https:\/\/www.knu.is\/en\/wp-json\/wp\/v2\/comments?post=895"}],"version-history":[{"count":18,"href":"https:\/\/www.knu.is\/en\/wp-json\/wp\/v2\/pages\/895\/revisions"}],"predecessor-version":[{"id":1738,"href":"https:\/\/www.knu.is\/en\/wp-json\/wp\/v2\/pages\/895\/revisions\/1738"}],"wp:attachment":[{"href":"https:\/\/www.knu.is\/en\/wp-json\/wp\/v2\/media?parent=895"}],"curies":[{"name":"wp","href":"https:\/\/api.w.org\/{rel}","templated":true}]}}