{"id":911,"date":"2020-03-27T16:14:06","date_gmt":"2020-03-27T16:14:06","guid":{"rendered":"https:\/\/www.knu.is\/en\/?page_id=911"},"modified":"2024-12-17T11:25:31","modified_gmt":"2024-12-17T11:25:31","slug":"processing-time","status":"publish","type":"page","link":"https:\/\/www.knu.is\/en\/processing-time\/","title":{"rendered":"Processing time"},"content":{"rendered":"\t<section class=\"section\" id=\"section_1192057324\">\n\t\t<div class=\"bg section-bg fill bg-fill  bg-loaded\" >\n\n\t\t\t\n\t\t\t\n\t\t\t\n\n\t\t<\/div>\n\n\t\t<div class=\"section-content relative\">\n\t\t\t\n<div class=\"row\"  id=\"row-263111088\">\n\n\t<div id=\"col-549228502\" class=\"col medium-4 small-12 large-4\"  >\n\t\t<div class=\"col-inner\"  >\n\t\t\t\n\t\t\t\n\t<div class=\"img has-hover x md-x lg-x y md-y lg-y\" id=\"image_260764425\">\n\t\t\t\t\t\t\t\t<div class=\"img-inner dark\" >\n\t\t\t<img width=\"600\" height=\"500\" src=\"https:\/\/www.knu.is\/en\/wp-content\/uploads\/2020\/03\/2.jpg\" class=\"attachment-large size-large\" alt=\"\" loading=\"lazy\" srcset=\"https:\/\/www.knu.is\/en\/wp-content\/uploads\/2020\/03\/2.jpg 600w, https:\/\/www.knu.is\/en\/wp-content\/uploads\/2020\/03\/2-480x400.jpg 480w\" sizes=\"(max-width: 600px) 100vw, 600px\" \/>\t\t\t\t\t\t\n\t\t\t\t\t<\/div>\n\t\t\t\t\t\t\t\t\n<style>\n#image_260764425 {\n  width: 100%;\n}\n<\/style>\n\t<\/div>\n\t\n\t\t<\/div>\n\t\t\t<\/div>\n\n\t\n\n\t<div id=\"col-1905080557\" class=\"col medium-8 small-12 large-8\"  >\n\t\t<div class=\"col-inner\"  >\n\t\t\t\n\t\t\t\n\t<div id=\"gap-1756163822\" class=\"gap-element clearfix\" style=\"display:block; height:auto;\">\n\t\t\n<style>\n#gap-1756163822 {\n  padding-top: 0px;\n}\n@media (min-width:550px) {\n  #gap-1756163822 {\n    padding-top: 22px;\n  }\n}\n@media (min-width:850px) {\n  #gap-1756163822 {\n    padding-top: 12px;\n  }\n}\n<\/style>\n\t<\/div>\n\t\n<h2><strong>Processing time<\/strong><\/h2>\n<div class=\"css-146c3p1 r-bcqeeo r-1ttztb7 r-qvutc0 r-37j5jr r-a023e6 r-rjixqe r-16dba41 r-1adg3ll\" dir=\"ltr\"><span class=\"css-1jxf684 r-bcqeeo r-1ttztb7 r-qvutc0 r-poiln3\"><span class=\"css-1jxf684 r-bcqeeo r-1ttztb7 r-qvutc0 r-poiln3 r-1wl4xqv\">The Immigration Appeals Board emphasizes thoroughness in its work and ensures that cases appealed to the board are adequately investigated before a decision is made. The board is also aware of the difficulties that long waiting times and uncertainty can cause.<\/span><\/span><\/div>\n<p>\u00a0<\/p>\n<div class=\"css-146c3p1 r-bcqeeo r-1ttztb7 r-qvutc0 r-37j5jr r-a023e6 r-rjixqe r-16dba41 r-1adg3ll\" dir=\"ltr\"><span class=\"css-1jxf684 r-bcqeeo r-1ttztb7 r-qvutc0 r-poiln3\"><span class=\"css-1jxf684 r-bcqeeo r-1ttztb7 r-qvutc0 r-poiln3 r-1wl4xqv\">Immediately after receiving an appeal, the board requests documents from the Directorate of Immigration\/police and from the appellant. The decision of the Directorate of Immigration\/police, the appellant&#8217;s statement, a transcript of the interview with the appellant at the Directorate of Immigration\/the police record, and other documents on which the decision was based are among the first documents the board examines.<\/span><\/span><\/div>\n<p>\u00a0<\/p>\n<div class=\"css-146c3p1 r-bcqeeo r-1ttztb7 r-qvutc0 r-37j5jr r-a023e6 r-rjixqe r-16dba41 r-1adg3ll\" dir=\"ltr\"><span class=\"css-1jxf684 r-bcqeeo r-1ttztb7 r-qvutc0 r-poiln3\"><span class=\"css-1jxf684 r-bcqeeo r-1ttztb7 r-qvutc0 r-poiln3 r-1wl4xqv\">The board can invite applicants for international protection to appear before the board to present their case.<\/span><\/span><\/div>\n<p>\u00a0<\/p>\n<div class=\"css-146c3p1 r-bcqeeo r-1ttztb7 r-qvutc0 r-37j5jr r-a023e6 r-rjixqe r-16dba41 r-1adg3ll\" dir=\"ltr\"><span class=\"css-1jxf684 r-bcqeeo r-1ttztb7 r-qvutc0 r-poiln3\"><span class=\"css-1jxf684 r-bcqeeo r-1ttztb7 r-qvutc0 r-poiln3 r-1wl4xqv\">When investigating cases concerning applications for international protection, the board reviews reports from international organizations, human rights groups, and NGOs involved in refugee issues. The board also relies on research from other countries and organizations regarding the situation in the applicants&#8217; country of origin, as well as precedents from the European Court of Human Rights and the Court of Justice of the European Union. Precedents and other documents can also be considered for other types of appeals at the board. Sometimes, the appellant submits further documents while the appeal is being processed, which the board must then review. This investigation and evidence collection can take considerable time, leading to delays in case resolution. The volume of cases awaiting processing can also cause further delays.<\/span><\/span><\/div>\n<p>\u00a0<\/p>\n<div class=\"css-146c3p1 r-bcqeeo r-1ttztb7 r-qvutc0 r-37j5jr r-a023e6 r-rjixqe r-16dba41 r-1adg3ll\" dir=\"ltr\"><span class=\"css-1jxf684 r-bcqeeo r-1ttztb7 r-qvutc0 r-poiln3\"><span class=\"css-1jxf684 r-bcqeeo r-1ttztb7 r-qvutc0 r-poiln3 r-b88u0q\"><span class=\"css-1jxf684 r-bcqeeo r-1ttztb7 r-qvutc0 r-poiln3 r-1wl4xqv\"><strong>Note<\/strong>:<\/span><\/span><span class=\"css-1jxf684 r-bcqeeo r-1ttztb7 r-qvutc0 r-poiln3 r-1wl4xqv\"> Due to the significant increase in appeals over the past months, the expected processing time has lengthened considerably. Every effort is being made to reduce it in line with the objectives of the Foreign Nationals Act.<\/span><\/span><\/div>\n<p>\u00a0<\/p>\n<div class=\"css-146c3p1 r-bcqeeo r-1ttztb7 r-qvutc0 r-37j5jr r-a023e6 r-rjixqe r-16dba41 r-1adg3ll\" dir=\"ltr\"><span class=\"css-1jxf684 r-bcqeeo r-1ttztb7 r-qvutc0 r-poiln3\"><span class=\"css-1jxf684 r-bcqeeo r-1ttztb7 r-qvutc0 r-poiln3 r-1wl4xqv\">It should also be noted that with Regulation No. 746\/2024, which came into effect on June 25, 2024, amendments were made to Article 43 of the Regulation on Foreign Nationals concerning the prioritization of processing applications for international protection. According to these changes, authorities should prioritize processing applications with regard to the statutory deadlines in paragraph 2 of Article 74 of the Foreign Nationals Act so that cases nearing the deadline of the provision receive priority. This means that the processing of applications that have already met or exceeded the 16 and\/or 18-month deadlines in paragraph 2 of Article 74 of the Foreign Nationals Act, without a final decision, can be significantly extended since priority must be given to processing applications that have not yet reached these deadlines.<\/span><\/span><\/div>\n<p>\u00a0<\/p>\n<div class=\"css-146c3p1 r-bcqeeo r-1ttztb7 r-qvutc0 r-37j5jr r-a023e6 r-rjixqe r-16dba41 r-1adg3ll\" dir=\"ltr\"><span class=\"css-1jxf684 r-bcqeeo r-1ttztb7 r-qvutc0 r-poiln3\"><span class=\"css-1jxf684 r-bcqeeo r-1ttztb7 r-qvutc0 r-poiln3 r-1wl4xqv\">If it is foreseeable that the processing of a case will be significantly delayed, the Appeals Board will attempt to inform the applicant of the delay, explain its reasons, and provide information on when a decision can be expected.<\/span><\/span><\/div>\n\t\t<\/div>\n\t\t\t<\/div>\n\n\t\n<\/div>\n\t\t<\/div>\n\n\t\t\n<style>\n#section_1192057324 {\n  padding-top: 30px;\n  padding-bottom: 30px;\n}\n<\/style>\n\t<\/section>\n\t\n","protected":false},"excerpt":{"rendered":"","protected":false},"author":1,"featured_media":0,"parent":0,"menu_order":0,"comment_status":"closed","ping_status":"closed","template":"page-blank.php","meta":[],"yoast_head":"<!-- This site is optimized with the Yoast SEO plugin v14.7 - https:\/\/yoast.com\/wordpress\/plugins\/seo\/ -->\n<title>Processing time | Immigration Appeals Board | knu.is<\/title>\n<meta name=\"description\" content=\"Immigration Appeals Board | Sk\u00falag\u00f6tu 17 | 101 Reykjav\u00edk | Tel: +354 510 0510 | postur@knu.is | Monday - Friday: 09.00-12.00 &amp; 13.00-16.00\" \/>\n<meta name=\"robots\" content=\"index, follow\" \/>\n<meta name=\"googlebot\" content=\"index, follow, max-snippet:-1, max-image-preview:large, max-video-preview:-1\" \/>\n<meta name=\"bingbot\" content=\"index, follow, max-snippet:-1, max-image-preview:large, max-video-preview:-1\" \/>\n<link rel=\"canonical\" href=\"https:\/\/www.knu.is\/en\/processing-time\/\" \/>\n<meta property=\"og:locale\" content=\"is_IS\" \/>\n<meta property=\"og:type\" content=\"article\" \/>\n<meta property=\"og:title\" content=\"Processing time | Immigration Appeals Board | knu.is\" \/>\n<meta property=\"og:description\" content=\"Immigration Appeals Board | Sk\u00falag\u00f6tu 17 | 101 Reykjav\u00edk | Tel: +354 510 0510 | postur@knu.is | Monday - Friday: 09.00-12.00 &amp; 13.00-16.00\" \/>\n<meta property=\"og:url\" content=\"https:\/\/www.knu.is\/en\/processing-time\/\" \/>\n<meta property=\"og:site_name\" content=\"Immigration Appeals Board\" \/>\n<meta property=\"article:modified_time\" content=\"2024-12-17T11:25:31+00:00\" \/>\n<meta name=\"twitter:card\" content=\"summary_large_image\" \/>\n<script type=\"application\/ld+json\" class=\"yoast-schema-graph\">{\"@context\":\"https:\/\/schema.org\",\"@graph\":[{\"@type\":\"Organization\",\"@id\":\"https:\/\/www.knu.is\/en\/#organization\",\"name\":\"Immigration Appeals Board\",\"url\":\"https:\/\/www.knu.is\/en\/\",\"sameAs\":[],\"logo\":{\"@type\":\"ImageObject\",\"@id\":\"https:\/\/www.knu.is\/en\/#logo\",\"inLanguage\":\"is\",\"url\":\"https:\/\/www.knu.is\/en\/wp-content\/uploads\/2020\/05\/KNU_Logo_310x90.png\",\"width\":310,\"height\":90,\"caption\":\"Immigration Appeals Board\"},\"image\":{\"@id\":\"https:\/\/www.knu.is\/en\/#logo\"}},{\"@type\":\"WebSite\",\"@id\":\"https:\/\/www.knu.is\/en\/#website\",\"url\":\"https:\/\/www.knu.is\/en\/\",\"name\":\"Immigration Appeals Board\",\"description\":\"K&aelig;runefnd &uacute;tlendingam&aacute;la\",\"publisher\":{\"@id\":\"https:\/\/www.knu.is\/en\/#organization\"},\"potentialAction\":[{\"@type\":\"SearchAction\",\"target\":\"https:\/\/www.knu.is\/en\/?s={search_term_string}\",\"query-input\":\"required name=search_term_string\"}],\"inLanguage\":\"is\"},{\"@type\":\"WebPage\",\"@id\":\"https:\/\/www.knu.is\/en\/processing-time\/#webpage\",\"url\":\"https:\/\/www.knu.is\/en\/processing-time\/\",\"name\":\"Processing time | Immigration Appeals Board | knu.is\",\"isPartOf\":{\"@id\":\"https:\/\/www.knu.is\/en\/#website\"},\"datePublished\":\"2020-03-27T16:14:06+00:00\",\"dateModified\":\"2024-12-17T11:25:31+00:00\",\"description\":\"Immigration Appeals Board | Sk\\u00falag\\u00f6tu 17 | 101 Reykjav\\u00edk | Tel: +354 510 0510 | postur@knu.is | Monday - Friday: 09.00-12.00 & 13.00-16.00\",\"inLanguage\":\"is\",\"potentialAction\":[{\"@type\":\"ReadAction\",\"target\":[\"https:\/\/www.knu.is\/en\/processing-time\/\"]}]}]}<\/script>\n<!-- \/ Yoast SEO plugin. -->","_links":{"self":[{"href":"https:\/\/www.knu.is\/en\/wp-json\/wp\/v2\/pages\/911"}],"collection":[{"href":"https:\/\/www.knu.is\/en\/wp-json\/wp\/v2\/pages"}],"about":[{"href":"https:\/\/www.knu.is\/en\/wp-json\/wp\/v2\/types\/page"}],"author":[{"embeddable":true,"href":"https:\/\/www.knu.is\/en\/wp-json\/wp\/v2\/users\/1"}],"replies":[{"embeddable":true,"href":"https:\/\/www.knu.is\/en\/wp-json\/wp\/v2\/comments?post=911"}],"version-history":[{"count":11,"href":"https:\/\/www.knu.is\/en\/wp-json\/wp\/v2\/pages\/911\/revisions"}],"predecessor-version":[{"id":1736,"href":"https:\/\/www.knu.is\/en\/wp-json\/wp\/v2\/pages\/911\/revisions\/1736"}],"wp:attachment":[{"href":"https:\/\/www.knu.is\/en\/wp-json\/wp\/v2\/media?parent=911"}],"curies":[{"name":"wp","href":"https:\/\/api.w.org\/{rel}","templated":true}]}}