{"id":920,"date":"2020-03-27T16:20:10","date_gmt":"2020-03-27T16:20:10","guid":{"rendered":"https:\/\/www.knu.is\/en\/?page_id=920"},"modified":"2024-12-17T11:03:51","modified_gmt":"2024-12-17T11:03:51","slug":"can-i-appear-before-the-appeals-board","status":"publish","type":"page","link":"https:\/\/www.knu.is\/en\/can-i-appear-before-the-appeals-board\/","title":{"rendered":"Can I appear before the Appeals Board?"},"content":{"rendered":"\t<section class=\"section\" id=\"section_155686497\">\n\t\t<div class=\"bg section-bg fill bg-fill  bg-loaded\" >\n\n\t\t\t\n\t\t\t\n\t\t\t\n\n\t\t<\/div>\n\n\t\t<div class=\"section-content relative\">\n\t\t\t\n<div class=\"row\"  id=\"row-1909979821\">\n\n\t<div id=\"col-1005373603\" class=\"col medium-4 small-12 large-4\"  >\n\t\t<div class=\"col-inner\"  >\n\t\t\t\n\t\t\t\n\t<div class=\"img has-hover x md-x lg-x y md-y lg-y\" id=\"image_331405125\">\n\t\t\t\t\t\t\t\t<div class=\"img-inner dark\" >\n\t\t\t<img width=\"600\" height=\"500\" src=\"https:\/\/www.knu.is\/en\/wp-content\/uploads\/2020\/03\/7.jpg\" class=\"attachment-large size-large\" alt=\"\" loading=\"lazy\" srcset=\"https:\/\/www.knu.is\/en\/wp-content\/uploads\/2020\/03\/7.jpg 600w, https:\/\/www.knu.is\/en\/wp-content\/uploads\/2020\/03\/7-480x400.jpg 480w\" sizes=\"(max-width: 600px) 100vw, 600px\" \/>\t\t\t\t\t\t\n\t\t\t\t\t<\/div>\n\t\t\t\t\t\t\t\t\n<style>\n#image_331405125 {\n  width: 100%;\n}\n<\/style>\n\t<\/div>\n\t\n\t\t<\/div>\n\t\t\t<\/div>\n\n\t\n\n\t<div id=\"col-1171819664\" class=\"col medium-8 small-12 large-8\"  >\n\t\t<div class=\"col-inner\"  >\n\t\t\t\n\t\t\t\n\t<div id=\"gap-837926220\" class=\"gap-element clearfix\" style=\"display:block; height:auto;\">\n\t\t\n<style>\n#gap-837926220 {\n  padding-top: 0px;\n}\n@media (min-width:550px) {\n  #gap-837926220 {\n    padding-top: 22px;\n  }\n}\n@media (min-width:850px) {\n  #gap-837926220 {\n    padding-top: 12px;\n  }\n}\n<\/style>\n\t<\/div>\n\t\n<h2><strong>Can I appear before the Appeals Board?<\/strong><\/h2>\n<div class=\"css-146c3p1 r-bcqeeo r-1ttztb7 r-qvutc0 r-37j5jr r-a023e6 r-rjixqe r-16dba41 r-1adg3ll\" dir=\"ltr\"><span class=\"css-1jxf684 r-bcqeeo r-1ttztb7 r-qvutc0 r-poiln3\"><span class=\"css-1jxf684 r-bcqeeo r-1ttztb7 r-qvutc0 r-poiln3 r-1wl4xqv\">The procedure before the Immigration Appeals Board is generally in writing. The Appeals Board may, if it sees reason to, offer applicants for international protection the opportunity to appear before the board to express themselves on the substance of the case or specific aspects of it, as circumstances dictate. If the Appeals Board deems it appropriate to invite the applicant to appear before the board, an invitation is sent to the representative.<\/span><\/span><\/div>\n<div dir=\"ltr\">\u00a0<\/div>\n<div class=\"css-146c3p1 r-bcqeeo r-1ttztb7 r-qvutc0 r-37j5jr r-a023e6 r-rjixqe r-16dba41 r-1adg3ll\" dir=\"ltr\"><span class=\"css-1jxf684 r-bcqeeo r-1ttztb7 r-qvutc0 r-poiln3\"><span class=\"css-1jxf684 r-bcqeeo r-1ttztb7 r-qvutc0 r-poiln3 r-1wl4xqv\">Applicants usually attend with their representative who guides them on how the hearing proceeds. The Appeals Board ensures, as far as possible, that communication with the board takes place in a language that the applicant can speak and understand sufficiently well. If necessary, the Appeals Board provides an interpreter. If the applicant speaks and understands English sufficiently well, the hearing can be conducted in English.<\/span><\/span><\/div>\n\t\t<\/div>\n\t\t\t<\/div>\n\n\t\n<\/div>\n\t\t<\/div>\n\n\t\t\n<style>\n#section_155686497 {\n  padding-top: 30px;\n  padding-bottom: 30px;\n}\n<\/style>\n\t<\/section>\n\t\n","protected":false},"excerpt":{"rendered":"","protected":false},"author":1,"featured_media":0,"parent":0,"menu_order":0,"comment_status":"closed","ping_status":"closed","template":"page-blank.php","meta":[],"yoast_head":"<!-- This site is optimized with the Yoast SEO plugin v14.7 - https:\/\/yoast.com\/wordpress\/plugins\/seo\/ -->\n<title>Can I appear before the Appeals Board? | Immigration Appeals Board<\/title>\n<meta name=\"description\" content=\"Immigration Appeals Board | Sk\u00falag\u00f6tu 17 | 101 Reykjav\u00edk | Tel: +354 510 0510 | postur@knu.is | Monday - Friday: 09.00-12.00 &amp; 13.00-16.00\" \/>\n<meta name=\"robots\" content=\"index, follow\" \/>\n<meta name=\"googlebot\" content=\"index, follow, max-snippet:-1, max-image-preview:large, max-video-preview:-1\" \/>\n<meta name=\"bingbot\" content=\"index, follow, max-snippet:-1, max-image-preview:large, max-video-preview:-1\" \/>\n<link rel=\"canonical\" href=\"https:\/\/www.knu.is\/en\/can-i-appear-before-the-appeals-board\/\" \/>\n<meta property=\"og:locale\" content=\"is_IS\" \/>\n<meta property=\"og:type\" content=\"article\" \/>\n<meta property=\"og:title\" content=\"Can I appear before the Appeals Board? | Immigration Appeals Board\" \/>\n<meta property=\"og:description\" content=\"Immigration Appeals Board | Sk\u00falag\u00f6tu 17 | 101 Reykjav\u00edk | Tel: +354 510 0510 | postur@knu.is | Monday - Friday: 09.00-12.00 &amp; 13.00-16.00\" \/>\n<meta property=\"og:url\" content=\"https:\/\/www.knu.is\/en\/can-i-appear-before-the-appeals-board\/\" \/>\n<meta property=\"og:site_name\" content=\"Immigration Appeals Board\" \/>\n<meta property=\"article:modified_time\" content=\"2024-12-17T11:03:51+00:00\" \/>\n<meta name=\"twitter:card\" content=\"summary_large_image\" \/>\n<script type=\"application\/ld+json\" class=\"yoast-schema-graph\">{\"@context\":\"https:\/\/schema.org\",\"@graph\":[{\"@type\":\"Organization\",\"@id\":\"https:\/\/www.knu.is\/en\/#organization\",\"name\":\"Immigration Appeals Board\",\"url\":\"https:\/\/www.knu.is\/en\/\",\"sameAs\":[],\"logo\":{\"@type\":\"ImageObject\",\"@id\":\"https:\/\/www.knu.is\/en\/#logo\",\"inLanguage\":\"is\",\"url\":\"https:\/\/www.knu.is\/en\/wp-content\/uploads\/2020\/05\/KNU_Logo_310x90.png\",\"width\":310,\"height\":90,\"caption\":\"Immigration Appeals Board\"},\"image\":{\"@id\":\"https:\/\/www.knu.is\/en\/#logo\"}},{\"@type\":\"WebSite\",\"@id\":\"https:\/\/www.knu.is\/en\/#website\",\"url\":\"https:\/\/www.knu.is\/en\/\",\"name\":\"Immigration Appeals Board\",\"description\":\"K&aelig;runefnd &uacute;tlendingam&aacute;la\",\"publisher\":{\"@id\":\"https:\/\/www.knu.is\/en\/#organization\"},\"potentialAction\":[{\"@type\":\"SearchAction\",\"target\":\"https:\/\/www.knu.is\/en\/?s={search_term_string}\",\"query-input\":\"required name=search_term_string\"}],\"inLanguage\":\"is\"},{\"@type\":\"WebPage\",\"@id\":\"https:\/\/www.knu.is\/en\/can-i-appear-before-the-appeals-board\/#webpage\",\"url\":\"https:\/\/www.knu.is\/en\/can-i-appear-before-the-appeals-board\/\",\"name\":\"Can I appear before the Appeals Board? | Immigration Appeals Board\",\"isPartOf\":{\"@id\":\"https:\/\/www.knu.is\/en\/#website\"},\"datePublished\":\"2020-03-27T16:20:10+00:00\",\"dateModified\":\"2024-12-17T11:03:51+00:00\",\"description\":\"Immigration Appeals Board | Sk\\u00falag\\u00f6tu 17 | 101 Reykjav\\u00edk | Tel: +354 510 0510 | postur@knu.is | Monday - Friday: 09.00-12.00 & 13.00-16.00\",\"inLanguage\":\"is\",\"potentialAction\":[{\"@type\":\"ReadAction\",\"target\":[\"https:\/\/www.knu.is\/en\/can-i-appear-before-the-appeals-board\/\"]}]}]}<\/script>\n<!-- \/ Yoast SEO plugin. -->","_links":{"self":[{"href":"https:\/\/www.knu.is\/en\/wp-json\/wp\/v2\/pages\/920"}],"collection":[{"href":"https:\/\/www.knu.is\/en\/wp-json\/wp\/v2\/pages"}],"about":[{"href":"https:\/\/www.knu.is\/en\/wp-json\/wp\/v2\/types\/page"}],"author":[{"embeddable":true,"href":"https:\/\/www.knu.is\/en\/wp-json\/wp\/v2\/users\/1"}],"replies":[{"embeddable":true,"href":"https:\/\/www.knu.is\/en\/wp-json\/wp\/v2\/comments?post=920"}],"version-history":[{"count":6,"href":"https:\/\/www.knu.is\/en\/wp-json\/wp\/v2\/pages\/920\/revisions"}],"predecessor-version":[{"id":1731,"href":"https:\/\/www.knu.is\/en\/wp-json\/wp\/v2\/pages\/920\/revisions\/1731"}],"wp:attachment":[{"href":"https:\/\/www.knu.is\/en\/wp-json\/wp\/v2\/media?parent=920"}],"curies":[{"name":"wp","href":"https:\/\/api.w.org\/{rel}","templated":true}]}}