{"id":941,"date":"2020-03-28T08:11:30","date_gmt":"2020-03-28T08:11:30","guid":{"rendered":"https:\/\/www.knu.is\/en\/?page_id=941"},"modified":"2020-08-15T14:39:03","modified_gmt":"2020-08-15T14:39:03","slug":"laws-and-regulations","status":"publish","type":"page","link":"https:\/\/www.knu.is\/en\/laws-and-regulations\/","title":{"rendered":"LAWS AND REGULATIONS"},"content":{"rendered":"\t<section class=\"section\" id=\"section_1658783541\">\n\t\t<div class=\"bg section-bg fill bg-fill  bg-loaded\" >\n\n\t\t\t\n\t\t\t\n\t\t\t\n\n\t\t<\/div>\n\n\t\t<div class=\"section-content relative\">\n\t\t\t\n<div class=\"row\"  id=\"row-1139817333\">\n\n\t<div id=\"col-481943362\" class=\"col medium-4 small-12 large-4\"  >\n\t\t<div class=\"col-inner\"  >\n\t\t\t\n\t\t\t\n\t<div class=\"img has-hover x md-x lg-x y md-y lg-y\" id=\"image_1898240968\">\n\t\t\t\t\t\t\t\t<div class=\"img-inner dark\" >\n\t\t\t<img width=\"600\" height=\"500\" src=\"https:\/\/www.knu.is\/en\/wp-content\/uploads\/2020\/03\/9.jpg\" class=\"attachment-large size-large\" alt=\"\" loading=\"lazy\" srcset=\"https:\/\/www.knu.is\/en\/wp-content\/uploads\/2020\/03\/9.jpg 600w, https:\/\/www.knu.is\/en\/wp-content\/uploads\/2020\/03\/9-480x400.jpg 480w\" sizes=\"(max-width: 600px) 100vw, 600px\" \/>\t\t\t\t\t\t\n\t\t\t\t\t<\/div>\n\t\t\t\t\t\t\t\t\n<style>\n#image_1898240968 {\n  width: 100%;\n}\n<\/style>\n\t<\/div>\n\t\n\t\t<\/div>\n\t\t\t<\/div>\n\n\t\n\n\t<div id=\"col-1943316856\" class=\"col medium-8 small-12 large-7\"  >\n\t\t<div class=\"col-inner\"  >\n\t\t\t\n\t\t\t\n\t<div id=\"gap-244674724\" class=\"gap-element clearfix\" style=\"display:block; height:auto;\">\n\t\t\n<style>\n#gap-244674724 {\n  padding-top: 18px;\n}\n<\/style>\n\t<\/div>\n\t\n<h2>Laws and regulations<\/h2>\n<div class=\"row row-collapse\"  id=\"row-660081303\">\n\n\t<div id=\"col-1173387261\" class=\"col medium-1 small-2 large-1\"  >\n\t\t<div class=\"col-inner\"  >\n\t\t\t\n\t\t\t\n<p><img loading=\"lazy\" class=\"alignnone wp-image-943\" src=\"https:\/\/www.knu.is\/en\/wp-content\/uploads\/2020\/03\/Vog.jpg\" alt=\"\" width=\"33\" height=\"30\" \/><\/p>\n\t\t<\/div>\n\t\t\t<\/div>\n\n\t\n\n\t<div id=\"col-1943818217\" class=\"col medium-11 small-10 large-11\"  >\n\t\t<div class=\"col-inner\"  >\n\t\t\t\n\t\t\t\n<p><a href=\"https:\/\/www.althingi.is\/lagas\/145b\/2016080.html\" target=\"_blank\" rel=\"noopener noreferrer\">Act on Foreigners, no. 80\/2016 (only available in Icelandic)<\/a><\/p>\n\t\t<\/div>\n\t\t\t<\/div>\n\n\t\n<\/div>\n<div class=\"row row-collapse\"  id=\"row-1112337315\">\n\n\t<div id=\"col-1274801397\" class=\"col medium-1 small-2 large-1\"  >\n\t\t<div class=\"col-inner\"  >\n\t\t\t\n\t\t\t\n<p><img loading=\"lazy\" class=\"alignnone wp-image-943\" src=\"https:\/\/www.knu.is\/en\/wp-content\/uploads\/2020\/03\/Vog.jpg\" alt=\"\" width=\"33\" height=\"30\" \/><\/p>\n\t\t<\/div>\n\t\t\t<\/div>\n\n\t\n\n\t<div id=\"col-1663901258\" class=\"col medium-11 small-10 large-11\"  >\n\t\t<div class=\"col-inner\"  >\n\t\t\t\n\t\t\t\n<p><a href=\"https:\/\/www.reglugerd.is\/reglugerdir\/eftir-raduneytum\/dmr\/nr\/20605\" target=\"_blank\" rel=\"noopener noreferrer\">Regulation on Foreigners, no. 540\/2017<\/a><\/p>\n\t\t<\/div>\n\t\t\t<\/div>\n\n\t\n<\/div>\n<div class=\"row row-collapse\"  id=\"row-480433364\">\n\n\t<div id=\"col-1025352200\" class=\"col medium-1 small-2 large-1\"  >\n\t\t<div class=\"col-inner\"  >\n\t\t\t\n\t\t\t\n<p><img loading=\"lazy\" class=\"alignnone wp-image-943\" src=\"https:\/\/www.knu.is\/en\/wp-content\/uploads\/2020\/03\/Vog.jpg\" alt=\"\" width=\"33\" height=\"30\" \/><\/p>\n\t\t<\/div>\n\t\t\t<\/div>\n\n\t\n\n\t<div id=\"col-1720424097\" class=\"col medium-11 small-10 large-11\"  >\n\t\t<div class=\"col-inner\"  >\n\t\t\t\n\t\t\t\n<p><a href=\"https:\/\/www.unhcr.org\/3b66c2aa10.html\" target=\"_blank\" rel=\"noopener noreferrer\">UN Convention Relating to the Status of Refugees and its protocol<\/a><\/p>\n\t\t<\/div>\n\t\t\t<\/div>\n\n\t\n<\/div>\n<div class=\"row row-collapse\"  id=\"row-381314220\">\n\n\t<div id=\"col-131876352\" class=\"col medium-1 small-2 large-1\"  >\n\t\t<div class=\"col-inner\"  >\n\t\t\t\n\t\t\t\n<p><img loading=\"lazy\" class=\"alignnone wp-image-943\" src=\"https:\/\/www.knu.is\/en\/wp-content\/uploads\/2020\/03\/Vog.jpg\" alt=\"\" width=\"33\" height=\"30\" \/><\/p>\n\t\t<\/div>\n\t\t\t<\/div>\n\n\t\n\n\t<div id=\"col-417471533\" class=\"col medium-11 small-10 large-11\"  >\n\t\t<div class=\"col-inner\"  >\n\t\t\t\n\t\t\t\n<p><a href=\"https:\/\/www.echr.coe.int\/Documents\/Convention_ENG.pdf\" target=\"_blank\" rel=\"noopener noreferrer\">European Convention for the Protection Human Rights and Fundamental Freedoms<\/a><\/p>\n\t\t<\/div>\n\t\t\t<\/div>\n\n\t\n<\/div>\n<div class=\"row row-collapse\"  id=\"row-375114878\">\n\n\t<div id=\"col-80474266\" class=\"col medium-1 small-2 large-1\"  >\n\t\t<div class=\"col-inner\"  >\n\t\t\t\n\t\t\t\n<p><img loading=\"lazy\" class=\"alignnone wp-image-943\" src=\"https:\/\/www.knu.is\/en\/wp-content\/uploads\/2020\/03\/Vog.jpg\" alt=\"\" width=\"33\" height=\"30\" \/><\/p>\n\t\t<\/div>\n\t\t\t<\/div>\n\n\t\n\n\t<div id=\"col-908878864\" class=\"col medium-11 small-10 large-11\"  >\n\t\t<div class=\"col-inner\"  >\n\t\t\t\n\t\t\t\n<p><a href=\"https:\/\/www.ohchr.org\/Documents\/ProfessionalInterest\/crc.pdf\" target=\"_blank\" rel=\"noopener noreferrer\">UN Convention on the Rights of the Child<\/a><\/p>\n\t\t<\/div>\n\t\t\t<\/div>\n\n\t\n<\/div>\n<div class=\"row row-collapse\"  id=\"row-45971589\">\n\n\t<div id=\"col-2055162889\" class=\"col medium-1 small-2 large-1\"  >\n\t\t<div class=\"col-inner\"  >\n\t\t\t\n\t\t\t\n<p><img loading=\"lazy\" class=\"alignnone wp-image-943\" src=\"https:\/\/www.knu.is\/en\/wp-content\/uploads\/2020\/03\/Vog.jpg\" alt=\"\" width=\"33\" height=\"30\" \/><\/p>\n\t\t<\/div>\n\t\t\t<\/div>\n\n\t\n\n\t<div id=\"col-1358980699\" class=\"col medium-11 small-10 large-11\"  >\n\t\t<div class=\"col-inner\"  >\n\t\t\t\n\t\t\t\n<p><a href=\"https:\/\/eur-lex.europa.eu\/LexUriServ\/LexUriServ.do?uri=OJ:L:2013:180:0031:0059:EN:PDF\" target=\"_blank\" rel=\"noopener noreferrer\">Dublin Regulation<\/a><\/p>\n\t\t<\/div>\n\t\t\t<\/div>\n\n\t\n<\/div>\n\t\t<\/div>\n\t\t\n<style>\n#col-1943316856 > .col-inner {\n  padding: 0px 0px 0px 0px;\n  margin: 0px 0px 0px 0px;\n}\n<\/style>\n\t<\/div>\n\n\t\n<\/div>\n\t\t<\/div>\n\n\t\t\n<style>\n#section_1658783541 {\n  padding-top: 30px;\n  padding-bottom: 30px;\n}\n<\/style>\n\t<\/section>\n\t\n","protected":false},"excerpt":{"rendered":"","protected":false},"author":1,"featured_media":0,"parent":0,"menu_order":0,"comment_status":"closed","ping_status":"closed","template":"page-blank.php","meta":[],"yoast_head":"<!-- This site is optimized with the Yoast SEO plugin v14.7 - https:\/\/yoast.com\/wordpress\/plugins\/seo\/ -->\n<title>Laws and regulations | Immigration Appeals Board | knu.is<\/title>\n<meta name=\"description\" content=\"Immigration Appeals Board | Sk\u00falag\u00f6tu 17 | 101 Reykjav\u00edk | Tel: +354 510 0510 | postur@knu.is | Monday - Friday: 09.00-12.00 &amp; 13.00-16.00\" \/>\n<meta name=\"robots\" content=\"index, follow\" \/>\n<meta name=\"googlebot\" content=\"index, follow, max-snippet:-1, max-image-preview:large, max-video-preview:-1\" \/>\n<meta name=\"bingbot\" content=\"index, follow, max-snippet:-1, max-image-preview:large, max-video-preview:-1\" \/>\n<link rel=\"canonical\" href=\"https:\/\/www.knu.is\/en\/laws-and-regulations\/\" \/>\n<meta property=\"og:locale\" content=\"is_IS\" \/>\n<meta property=\"og:type\" content=\"article\" \/>\n<meta property=\"og:title\" content=\"Laws and regulations | Immigration Appeals Board | knu.is\" \/>\n<meta property=\"og:description\" content=\"Immigration Appeals Board | Sk\u00falag\u00f6tu 17 | 101 Reykjav\u00edk | Tel: +354 510 0510 | postur@knu.is | Monday - Friday: 09.00-12.00 &amp; 13.00-16.00\" \/>\n<meta property=\"og:url\" content=\"https:\/\/www.knu.is\/en\/laws-and-regulations\/\" \/>\n<meta property=\"og:site_name\" content=\"Immigration Appeals Board\" \/>\n<meta property=\"article:modified_time\" content=\"2020-08-15T14:39:03+00:00\" \/>\n<meta property=\"og:image\" content=\"https:\/\/www.knu.is\/en\/wp-content\/uploads\/2020\/03\/Vog.jpg\" \/>\n<meta name=\"twitter:card\" content=\"summary_large_image\" \/>\n<script type=\"application\/ld+json\" class=\"yoast-schema-graph\">{\"@context\":\"https:\/\/schema.org\",\"@graph\":[{\"@type\":\"Organization\",\"@id\":\"https:\/\/www.knu.is\/en\/#organization\",\"name\":\"Immigration Appeals Board\",\"url\":\"https:\/\/www.knu.is\/en\/\",\"sameAs\":[],\"logo\":{\"@type\":\"ImageObject\",\"@id\":\"https:\/\/www.knu.is\/en\/#logo\",\"inLanguage\":\"is\",\"url\":\"https:\/\/www.knu.is\/en\/wp-content\/uploads\/2020\/05\/KNU_Logo_310x90.png\",\"width\":310,\"height\":90,\"caption\":\"Immigration Appeals Board\"},\"image\":{\"@id\":\"https:\/\/www.knu.is\/en\/#logo\"}},{\"@type\":\"WebSite\",\"@id\":\"https:\/\/www.knu.is\/en\/#website\",\"url\":\"https:\/\/www.knu.is\/en\/\",\"name\":\"Immigration Appeals Board\",\"description\":\"K&aelig;runefnd &uacute;tlendingam&aacute;la\",\"publisher\":{\"@id\":\"https:\/\/www.knu.is\/en\/#organization\"},\"potentialAction\":[{\"@type\":\"SearchAction\",\"target\":\"https:\/\/www.knu.is\/en\/?s={search_term_string}\",\"query-input\":\"required name=search_term_string\"}],\"inLanguage\":\"is\"},{\"@type\":\"ImageObject\",\"@id\":\"https:\/\/www.knu.is\/en\/laws-and-regulations\/#primaryimage\",\"inLanguage\":\"is\",\"url\":\"https:\/\/www.knu.is\/en\/wp-content\/uploads\/2020\/03\/Vog.jpg\",\"width\":60,\"height\":54},{\"@type\":\"WebPage\",\"@id\":\"https:\/\/www.knu.is\/en\/laws-and-regulations\/#webpage\",\"url\":\"https:\/\/www.knu.is\/en\/laws-and-regulations\/\",\"name\":\"Laws and regulations | Immigration Appeals Board | knu.is\",\"isPartOf\":{\"@id\":\"https:\/\/www.knu.is\/en\/#website\"},\"primaryImageOfPage\":{\"@id\":\"https:\/\/www.knu.is\/en\/laws-and-regulations\/#primaryimage\"},\"datePublished\":\"2020-03-28T08:11:30+00:00\",\"dateModified\":\"2020-08-15T14:39:03+00:00\",\"description\":\"Immigration Appeals Board | Sk\\u00falag\\u00f6tu 17 | 101 Reykjav\\u00edk | Tel: +354 510 0510 | postur@knu.is | Monday - Friday: 09.00-12.00 & 13.00-16.00\",\"inLanguage\":\"is\",\"potentialAction\":[{\"@type\":\"ReadAction\",\"target\":[\"https:\/\/www.knu.is\/en\/laws-and-regulations\/\"]}]}]}<\/script>\n<!-- \/ Yoast SEO plugin. -->","_links":{"self":[{"href":"https:\/\/www.knu.is\/en\/wp-json\/wp\/v2\/pages\/941"}],"collection":[{"href":"https:\/\/www.knu.is\/en\/wp-json\/wp\/v2\/pages"}],"about":[{"href":"https:\/\/www.knu.is\/en\/wp-json\/wp\/v2\/types\/page"}],"author":[{"embeddable":true,"href":"https:\/\/www.knu.is\/en\/wp-json\/wp\/v2\/users\/1"}],"replies":[{"embeddable":true,"href":"https:\/\/www.knu.is\/en\/wp-json\/wp\/v2\/comments?post=941"}],"version-history":[{"count":20,"href":"https:\/\/www.knu.is\/en\/wp-json\/wp\/v2\/pages\/941\/revisions"}],"predecessor-version":[{"id":1392,"href":"https:\/\/www.knu.is\/en\/wp-json\/wp\/v2\/pages\/941\/revisions\/1392"}],"wp:attachment":[{"href":"https:\/\/www.knu.is\/en\/wp-json\/wp\/v2\/media?parent=941"}],"curies":[{"name":"wp","href":"https:\/\/api.w.org\/{rel}","templated":true}]}}